{"id":762,"date":"2024-11-09T11:50:24","date_gmt":"2024-11-09T11:50:24","guid":{"rendered":"https:\/\/duralbend-usa.com\/?post_type=product&#038;p=762"},"modified":"2024-11-23T17:48:01","modified_gmt":"2024-11-23T17:48:01","slug":"griffin-series-tube-bending-machines","status":"publish","type":"product","link":"https:\/\/duralbend-usa.com\/es\/producto\/griffin-series-tube-bending-machines\/","title":{"rendered":"M\u00e1quinas Curvadoras De Tubos De La Serie Griffin"},"content":{"rendered":"<h1>M\u00e1quina Curvadora de Tubos CNC<\/h1>\n<p>Duralbend fabrica m\u00e1quinas curvadoras de tubos CNC l\u00edderes en el sector que se adaptan a cualquier necesidad industrial. Combinando la automatizaci\u00f3n de alto nivel con la precisi\u00f3n del dise\u00f1o de ingenier\u00eda, nuestras m\u00e1quinas CNC representan su mejor esperanza para abordar el curvado complejo en su proceso de producci\u00f3n.<\/p>\n<p>Las m\u00e1quinas tambi\u00e9n disponen de interfaces intuitivas y bien dise\u00f1adas, que permiten el m\u00e1ximo control al tiempo que mantienen la sencillez del proceso. Nuestra tecnolog\u00eda CNC permite producir geometr\u00edas de tubos, por complejas que sean, o realizar tiradas de producci\u00f3n de gran volumen con una precisi\u00f3n milim\u00e9trica hasta en el \u00faltimo detalle. Pueden alternar entre m\u00faltiples funcionalidades, lo que permite a la empresa poner en marcha cualquier tipo de proyecto sin perder tiempo ni recursos gracias a la flexibilidad programable.<\/p>\n<p>Las m\u00e1quinas curvadoras de tubos CNC fabricadas por Dural Makine son muy \u00fatiles en industrias como la del autom\u00f3vil, donde la precisi\u00f3n y la uniformidad son cruciales. Con componentes de clase mundial y software innovador, nuestras m\u00e1quinas no s\u00f3lo mejoran el rendimiento industrial, sino que tambi\u00e9n reducen el desperdicio de materia prima proporcionando el doble beneficio de la rentabilidad y el respeto al medio ambiente.<\/p>\n<p>Deje que Duralbend le lleve a la era del curvado de tubos con sus soluciones CNC. Perm\u00edtanos elevar sus est\u00e1ndares de producci\u00f3n y perfeccionar cada proyecto hasta la excelencia.<\/p>\n<hr \/>\n<p>Flexibilidad de plegado y capacidad de trabajo con sistema de control CNC.<\/p>\n<p>Capacidad para ajustar moldes en 3 escalas de radio diferentes para un m\u00ednimo de 3 m\u00e1quinas apiladoras<\/p>\n<p>Posibilidad de convertir autom\u00e1ticamente dibujos t\u00e9cnicos en 3D al programa de plegado<\/p>\n<p>Sistema multivariable de curvado de rodillos para 3 m\u00e1quinas apiladoras m\u00edn.<\/p>\n<p>Capacidad para trabajar con o sin mandril<\/p>\n<p>Sistema autom\u00e1tico de refrigeraci\u00f3n del aceite<\/p>\n<p>Con los sistemas de guiado lineal se minimizan los huecos del sistema en las partes m\u00f3viles<\/p>\n<p>Cambio de programa durante el proceso de plegado<\/p>\n<p>El programa de simulaci\u00f3n de curvado ETU, para el proceso de curvado, ayuda a realizar curvados de tubos en 3d partiendo de las coordenadas, con excelentes resultados.<\/p>\n<p>Con la herramienta DcOnTool, puede convertir las coordenadas X, Y, Z en programa de flexi\u00f3n (Y,B,C)<\/p>\n<p>Puede revisar los \u00faltimos mensajes de error con Dlog<\/p>\n<p>Su dise\u00f1o f\u00e1cil de usar, sencillo, f\u00e1cil de entender y r\u00e1pido de aprender le permite iniciar el proyecto r\u00e1pidamente.<\/p>\n<p>F\u00e1cil de usar con el mando de 17 pulgadas.<\/p>\n<p>La estructura sin vibraciones facilitar\u00e1 su trabajo.<\/p>\n<p>Almacenamiento y cambio ilimitados de programas<\/p>\n<p>Turco - Ingl\u00e9s - Espa\u00f1ol y Franc\u00e9s<\/p>\n<p>10 a\u00f1os de env\u00edo de piezas de recambio<\/p>","protected":false},"excerpt":{"rendered":"<p>Las curvadoras de tubos \u00abGriffin\u00bb son estructuras h\u00edbridas. Este tipo de curvadoras de tubos incluye hidr\u00e1ulica y neum\u00e1tica para todas las operaciones de sujeci\u00f3n y empuje. Las operaciones de curvado, alimentaci\u00f3n, rotaci\u00f3n, cambio de pila y alineaci\u00f3n de tubos funcionan con servomotor. El accionamiento de posicionamiento preciso de todos los modelos se realiza mediante servomotores.<\/p>\n<p><a  href=\"https:\/\/www.youtube.com\/watch?v=mKhBipFmrGE&#038;list=PLAmOCsRr2747TEIXi0qdWrbt03gJBBPAu\" target=\"_blank\"   class=\"aux-button aux-medium aux-grey aux-3d aux-uppercase aux-icon-left\" ><span class=\"aux-overlay\"><\/span><span class=\"aux-icon fas fa-video\"><\/span><span class=\"aux-text\">V\u00eddeos<\/span><\/a><a  href=\"\/wp-content\/uploads\/2024\/11\/Dural-Product-Catalog.pdf\" target=\"_blank\"   class=\"aux-button aux-medium aux-red aux-3d aux-uppercase aux-icon-left\" ><span class=\"aux-overlay\"><\/span><span class=\"aux-icon fas fa-file-pdf\"><\/span><span class=\"aux-text\">Cat\u00e1logo<\/span><\/a><a  href=\"\/tube_bending_machines-griffin_type_tube_bending_machine\/\" target=\"_blank\"   class=\"aux-button aux-medium aux-blue aux-3d aux-uppercase aux-icon-left\" ><span class=\"aux-overlay\"><\/span><span class=\"aux-icon far fa-thumbs-up\"><\/span><span class=\"aux-text\">M\u00e1s Detalles<\/span><\/a><a  href=\"\/contact-form-for-machines\/\" target=\"_blank\"   class=\"aux-button aux-medium aux-blue aux-3d aux-uppercase aux-icon-left\" ><span class=\"aux-overlay\"><\/span><span class=\"aux-icon far fa-arrow-alt-circle-right\"><\/span><span class=\"aux-text\">Solicitar Presupuesto<\/span><\/a><\/p>","protected":false},"featured_media":855,"template":"","meta":[],"product_cat":[122,121],"product_tag":[],"class_list":{"0":"post-762","1":"product","2":"type-product","3":"status-publish","4":"has-post-thumbnail","6":"product_cat-griffin-series-cnc-tube-bending-machine","7":"product_cat-tube-bending-machines","8":"aux-has-gallery","10":"first","11":"instock","12":"shipping-taxable","13":"product-type-simple"},"yoast_head":"<!-- This site is optimized with the Yoast SEO Premium plugin v23.9 (Yoast SEO v24.0) - https:\/\/yoast.com\/wordpress\/plugins\/seo\/ -->\n<title>Griffin Series Tube Bending Machines - Duralbend USA<\/title>\n<meta name=\"description\" content=\"Griffin type tube bending machines are industrial pipe bending machines with the best price-performance ratio for a wide range of industries.\" \/>\n<meta name=\"robots\" content=\"index, follow, max-snippet:-1, max-image-preview:large, max-video-preview:-1\" \/>\n<link rel=\"canonical\" href=\"https:\/\/duralbend-usa.com\/es\/producto\/griffin-series-tube-bending-machines\/\" \/>\n<meta property=\"og:locale\" content=\"es_MX\" \/>\n<meta property=\"og:type\" content=\"article\" \/>\n<meta property=\"og:title\" content=\"Griffin Series Tube Bending Machines\" \/>\n<meta property=\"og:description\" content=\"Griffin type tube bending machines are industrial pipe bending machines with the best price-performance ratio for a wide range of industries.\" \/>\n<meta property=\"og:url\" content=\"https:\/\/duralbend-usa.com\/es\/producto\/griffin-series-tube-bending-machines\/\" \/>\n<meta property=\"og:site_name\" content=\"Duralbend USA\" \/>\n<meta property=\"article:publisher\" content=\"https:\/\/www.facebook.com\/duralmachinery\" \/>\n<meta property=\"article:modified_time\" content=\"2024-11-23T17:48:01+00:00\" \/>\n<meta property=\"og:image\" content=\"https:\/\/duralbend-usa.com\/wp-content\/uploads\/2024\/11\/Griffin-Series-Tube-Bender-1.webp\" \/>\n\t<meta property=\"og:image:width\" content=\"800\" \/>\n\t<meta property=\"og:image:height\" content=\"600\" \/>\n\t<meta property=\"og:image:type\" content=\"image\/webp\" \/>\n<meta name=\"twitter:card\" content=\"summary_large_image\" \/>\n<meta name=\"twitter:label1\" content=\"Tiempo de lectura\" \/>\n\t<meta name=\"twitter:data1\" content=\"2 minutos\" \/>\n<script type=\"application\/ld+json\" class=\"yoast-schema-graph\">{\"@context\":\"https:\/\/schema.org\",\"@graph\":[{\"@type\":\"WebPage\",\"@id\":\"https:\/\/duralbend-usa.com\/product\/griffin-series-tube-bending-machines\/\",\"url\":\"https:\/\/duralbend-usa.com\/product\/griffin-series-tube-bending-machines\/\",\"name\":\"Griffin Series Tube Bending Machines - Duralbend USA\",\"isPartOf\":{\"@id\":\"https:\/\/duralbend-usa.com\/#website\"},\"primaryImageOfPage\":{\"@id\":\"https:\/\/duralbend-usa.com\/product\/griffin-series-tube-bending-machines\/#primaryimage\"},\"image\":{\"@id\":\"https:\/\/duralbend-usa.com\/product\/griffin-series-tube-bending-machines\/#primaryimage\"},\"thumbnailUrl\":\"https:\/\/duralbend-usa.com\/wp-content\/uploads\/2024\/11\/Griffin-Series-Tube-Bender-1.webp\",\"datePublished\":\"2024-11-09T11:50:24+00:00\",\"dateModified\":\"2024-11-23T17:48:01+00:00\",\"description\":\"Griffin type tube bending machines are industrial pipe bending machines with the best price-performance ratio for a wide range of industries.\",\"breadcrumb\":{\"@id\":\"https:\/\/duralbend-usa.com\/product\/griffin-series-tube-bending-machines\/#breadcrumb\"},\"inLanguage\":\"es\",\"potentialAction\":[{\"@type\":\"ReadAction\",\"target\":[\"https:\/\/duralbend-usa.com\/product\/griffin-series-tube-bending-machines\/\"]}]},{\"@type\":\"ImageObject\",\"inLanguage\":\"es\",\"@id\":\"https:\/\/duralbend-usa.com\/product\/griffin-series-tube-bending-machines\/#primaryimage\",\"url\":\"https:\/\/duralbend-usa.com\/wp-content\/uploads\/2024\/11\/Griffin-Series-Tube-Bender-1.webp\",\"contentUrl\":\"https:\/\/duralbend-usa.com\/wp-content\/uploads\/2024\/11\/Griffin-Series-Tube-Bender-1.webp\",\"width\":800,\"height\":600,\"caption\":\"Griffin-Series-Tube-Bending Machine\"},{\"@type\":\"BreadcrumbList\",\"@id\":\"https:\/\/duralbend-usa.com\/product\/griffin-series-tube-bending-machines\/#breadcrumb\",\"itemListElement\":[{\"@type\":\"ListItem\",\"position\":1,\"name\":\"Home\",\"item\":\"https:\/\/duralbend-usa.com\/\"},{\"@type\":\"ListItem\",\"position\":2,\"name\":\"Products\",\"item\":\"https:\/\/duralbend-usa.com\/shop\/\"},{\"@type\":\"ListItem\",\"position\":3,\"name\":\"Griffin Series Tube Bending Machines\"}]},{\"@type\":\"WebSite\",\"@id\":\"https:\/\/duralbend-usa.com\/#website\",\"url\":\"https:\/\/duralbend-usa.com\/\",\"name\":\"Duralbend USA Tube Bending Machines\",\"description\":\"Turkey&#039;s Most Preferred Tube Bending Machine Brand\",\"publisher\":{\"@id\":\"https:\/\/duralbend-usa.com\/#organization\"},\"potentialAction\":[{\"@type\":\"SearchAction\",\"target\":{\"@type\":\"EntryPoint\",\"urlTemplate\":\"https:\/\/duralbend-usa.com\/?s={search_term_string}\"},\"query-input\":{\"@type\":\"PropertyValueSpecification\",\"valueRequired\":true,\"valueName\":\"search_term_string\"}}],\"inLanguage\":\"es\"},{\"@type\":\"Organization\",\"@id\":\"https:\/\/duralbend-usa.com\/#organization\",\"name\":\"Duralbend USA\",\"url\":\"https:\/\/duralbend-usa.com\/\",\"logo\":{\"@type\":\"ImageObject\",\"inLanguage\":\"es\",\"@id\":\"https:\/\/duralbend-usa.com\/#\/schema\/logo\/image\/\",\"url\":\"https:\/\/duralbend-usa.com\/wp-content\/uploads\/2024\/10\/cropped-Duralbend-Logo.webp\",\"contentUrl\":\"https:\/\/duralbend-usa.com\/wp-content\/uploads\/2024\/10\/cropped-Duralbend-Logo.webp\",\"width\":200,\"height\":56,\"caption\":\"Duralbend USA\"},\"image\":{\"@id\":\"https:\/\/duralbend-usa.com\/#\/schema\/logo\/image\/\"},\"sameAs\":[\"https:\/\/www.facebook.com\/duralmachinery\",\"https:\/\/mastodon.social\/@duralbendusa\",\"https:\/\/www.youtube.com\/@TheDuralmachinery\"],\"description\":\"At Duralbend, we design and build tube bending machines that suit all industrial needs. We present solutions for the most arduous production traffic, strong engineering and an innovative design philosophy to earn the confidence of our clientele. Our main categories are tube bending machines, chamfering machines, tube endforming machines and deburring machines.\",\"email\":\"info@duralbend-usa.com\",\"telephone\":\"00902124824107\",\"legalName\":\"Dural Makine ve Metal San. Tic. Ltd. Sti.\",\"foundingDate\":\"1991-02-05\",\"vatID\":\"3150093323\",\"numberOfEmployees\":{\"@type\":\"QuantitativeValue\",\"minValue\":\"11\",\"maxValue\":\"50\"}}]}<\/script>\n<!-- \/ Yoast SEO Premium plugin. -->","yoast_head_json":{"title":"Griffin Series Tube Bending Machines - Duralbend USA","description":"Griffin type tube bending machines are industrial pipe bending machines with the best price-performance ratio for a wide range of industries.","robots":{"index":"index","follow":"follow","max-snippet":"max-snippet:-1","max-image-preview":"max-image-preview:large","max-video-preview":"max-video-preview:-1"},"canonical":"https:\/\/duralbend-usa.com\/es\/producto\/griffin-series-tube-bending-machines\/","og_locale":"es_MX","og_type":"article","og_title":"Griffin Series Tube Bending Machines","og_description":"Griffin type tube bending machines are industrial pipe bending machines with the best price-performance ratio for a wide range of industries.","og_url":"https:\/\/duralbend-usa.com\/es\/producto\/griffin-series-tube-bending-machines\/","og_site_name":"Duralbend USA","article_publisher":"https:\/\/www.facebook.com\/duralmachinery","article_modified_time":"2024-11-23T17:48:01+00:00","og_image":[{"width":800,"height":600,"url":"https:\/\/duralbend-usa.com\/wp-content\/uploads\/2024\/11\/Griffin-Series-Tube-Bender-1.webp","type":"image\/webp"}],"twitter_card":"summary_large_image","twitter_misc":{"Tiempo de lectura":"2 minutos"},"schema":{"@context":"https:\/\/schema.org","@graph":[{"@type":"WebPage","@id":"https:\/\/duralbend-usa.com\/product\/griffin-series-tube-bending-machines\/","url":"https:\/\/duralbend-usa.com\/product\/griffin-series-tube-bending-machines\/","name":"Griffin Series Tube Bending Machines - Duralbend USA","isPartOf":{"@id":"https:\/\/duralbend-usa.com\/#website"},"primaryImageOfPage":{"@id":"https:\/\/duralbend-usa.com\/product\/griffin-series-tube-bending-machines\/#primaryimage"},"image":{"@id":"https:\/\/duralbend-usa.com\/product\/griffin-series-tube-bending-machines\/#primaryimage"},"thumbnailUrl":"https:\/\/duralbend-usa.com\/wp-content\/uploads\/2024\/11\/Griffin-Series-Tube-Bender-1.webp","datePublished":"2024-11-09T11:50:24+00:00","dateModified":"2024-11-23T17:48:01+00:00","description":"Griffin type tube bending machines are industrial pipe bending machines with the best price-performance ratio for a wide range of industries.","breadcrumb":{"@id":"https:\/\/duralbend-usa.com\/product\/griffin-series-tube-bending-machines\/#breadcrumb"},"inLanguage":"es","potentialAction":[{"@type":"ReadAction","target":["https:\/\/duralbend-usa.com\/product\/griffin-series-tube-bending-machines\/"]}]},{"@type":"ImageObject","inLanguage":"es","@id":"https:\/\/duralbend-usa.com\/product\/griffin-series-tube-bending-machines\/#primaryimage","url":"https:\/\/duralbend-usa.com\/wp-content\/uploads\/2024\/11\/Griffin-Series-Tube-Bender-1.webp","contentUrl":"https:\/\/duralbend-usa.com\/wp-content\/uploads\/2024\/11\/Griffin-Series-Tube-Bender-1.webp","width":800,"height":600,"caption":"Griffin-Series-Tube-Bending Machine"},{"@type":"BreadcrumbList","@id":"https:\/\/duralbend-usa.com\/product\/griffin-series-tube-bending-machines\/#breadcrumb","itemListElement":[{"@type":"ListItem","position":1,"name":"Home","item":"https:\/\/duralbend-usa.com\/"},{"@type":"ListItem","position":2,"name":"Products","item":"https:\/\/duralbend-usa.com\/shop\/"},{"@type":"ListItem","position":3,"name":"Griffin Series Tube Bending Machines"}]},{"@type":"WebSite","@id":"https:\/\/duralbend-usa.com\/#website","url":"https:\/\/duralbend-usa.com\/","name":"Duralbend USA Tube Bending Machines","description":"Turkey&#039;s Most Preferred Tube Bending Machine Brand","publisher":{"@id":"https:\/\/duralbend-usa.com\/#organization"},"potentialAction":[{"@type":"SearchAction","target":{"@type":"EntryPoint","urlTemplate":"https:\/\/duralbend-usa.com\/?s={search_term_string}"},"query-input":{"@type":"PropertyValueSpecification","valueRequired":true,"valueName":"search_term_string"}}],"inLanguage":"es"},{"@type":"Organization","@id":"https:\/\/duralbend-usa.com\/#organization","name":"Duralbend USA","url":"https:\/\/duralbend-usa.com\/","logo":{"@type":"ImageObject","inLanguage":"es","@id":"https:\/\/duralbend-usa.com\/#\/schema\/logo\/image\/","url":"https:\/\/duralbend-usa.com\/wp-content\/uploads\/2024\/10\/cropped-Duralbend-Logo.webp","contentUrl":"https:\/\/duralbend-usa.com\/wp-content\/uploads\/2024\/10\/cropped-Duralbend-Logo.webp","width":200,"height":56,"caption":"Duralbend USA"},"image":{"@id":"https:\/\/duralbend-usa.com\/#\/schema\/logo\/image\/"},"sameAs":["https:\/\/www.facebook.com\/duralmachinery","https:\/\/mastodon.social\/@duralbendusa","https:\/\/www.youtube.com\/@TheDuralmachinery"],"description":"At Duralbend, we design and build tube bending machines that suit all industrial needs. We present solutions for the most arduous production traffic, strong engineering and an innovative design philosophy to earn the confidence of our clientele. Our main categories are tube bending machines, chamfering machines, tube endforming machines and deburring machines.","email":"info@duralbend-usa.com","telephone":"00902124824107","legalName":"Dural Makine ve Metal San. Tic. Ltd. Sti.","foundingDate":"1991-02-05","vatID":"3150093323","numberOfEmployees":{"@type":"QuantitativeValue","minValue":"11","maxValue":"50"}}]}},"_links":{"self":[{"href":"https:\/\/duralbend-usa.com\/es\/wp-json\/wp\/v2\/product\/762","targetHints":{"allow":["GET"]}}],"collection":[{"href":"https:\/\/duralbend-usa.com\/es\/wp-json\/wp\/v2\/product"}],"about":[{"href":"https:\/\/duralbend-usa.com\/es\/wp-json\/wp\/v2\/types\/product"}],"wp:featuredmedia":[{"embeddable":true,"href":"https:\/\/duralbend-usa.com\/es\/wp-json\/wp\/v2\/media\/855"}],"wp:attachment":[{"href":"https:\/\/duralbend-usa.com\/es\/wp-json\/wp\/v2\/media?parent=762"}],"wp:term":[{"taxonomy":"product_cat","embeddable":true,"href":"https:\/\/duralbend-usa.com\/es\/wp-json\/wp\/v2\/product_cat?post=762"},{"taxonomy":"product_tag","embeddable":true,"href":"https:\/\/duralbend-usa.com\/es\/wp-json\/wp\/v2\/product_tag?post=762"}],"curies":[{"name":"wp","href":"https:\/\/api.w.org\/{rel}","templated":true}]}}