{"id":1091,"date":"2024-11-22T20:57:36","date_gmt":"2024-11-22T20:57:36","guid":{"rendered":"https:\/\/duralbend-usa.com\/?post_type=product&#038;p=1091"},"modified":"2024-11-23T17:51:39","modified_gmt":"2024-11-23T17:51:39","slug":"yalin-series-tube-deburring-machines","status":"publish","type":"product","link":"https:\/\/duralbend-usa.com\/es\/producto\/yalin-series-tube-deburring-machines\/","title":{"rendered":"Desbarbadoras De Tubos Tipo Yalin"},"content":{"rendered":"<h1>Desbarbadora de Tubos<\/h1>\n<p>\u00bfQu\u00e9 es el desbarbado?<br \/>\nEl desbarbado elimina peque\u00f1as aristas o rebabas no deseadas de los extremos de los tubos met\u00e1licos. Estas rebabas suelen formarse durante los procesos de corte o mecanizado. Eliminarlas mejora la seguridad, la funcionalidad y el aspecto de los tubos. Nuestras m\u00e1quinas est\u00e1n dise\u00f1adas para ofrecer resultados r\u00e1pidos y precisos, haciendo que el proceso sea sencillo y eficaz.<\/p>\n<p>M\u00e1quinas para diferentes di\u00e1metros<br \/>\nOfrecemos dos tipos de desbarbadoras que se adaptan a las distintas necesidades de producci\u00f3n:<\/p>\n<p>Desbarbadora de 48 mm: Esta m\u00e1quina es ideal para tubos peque\u00f1os y medianos y proporciona resultados precisos y limpios para di\u00e1metros de hasta 48 mm.<br \/>\nDesbarbadora de 60 mm: Para tubos m\u00e1s grandes, esta m\u00e1quina puede trabajar con di\u00e1metros de hasta 60 mm, garantizando el mismo nivel de precisi\u00f3n y calidad.<br \/>\nAmbas m\u00e1quinas son f\u00e1ciles de usar, duraderas y est\u00e1n dise\u00f1adas para ofrecer un rendimiento constante en entornos exigentes.<\/p>\n<p>Por qu\u00e9 es importante desbarbar<br \/>\nEl desbarbado es esencial para garantizar que los tubos sean seguros de manipular y funcionen bien en las aplicaciones previstas. Tambi\u00e9n mejora el aspecto general del producto y ayuda a evitar problemas durante el montaje o la instalaci\u00f3n.<\/p>\n<p>Funciones avanzadas para obtener mejores resultados<br \/>\nNuestras desbarbadoras disponen de tecnolog\u00eda avanzada para que el proceso sea f\u00e1cil y eficaz:<\/p>\n<p>Alta precisi\u00f3n para acabados lisos.<br \/>\nSistemas energ\u00e9ticamente eficientes para reducir los costes de explotaci\u00f3n.<br \/>\nDise\u00f1os duraderos para una fiabilidad a largo plazo.<br \/>\nSoluciones a la medida de sus necesidades<br \/>\nEn Duralbend, entendemos que cada l\u00ednea de producci\u00f3n es diferente. Por eso ofrecemos opciones de personalizaci\u00f3n para garantizar que nuestras desbarbadoras satisfagan sus requisitos espec\u00edficos.<\/p>\n<p>P\u00f3ngase en contacto con nosotros hoy mismo para obtener m\u00e1s informaci\u00f3n sobre nuestras desbarbadoras de tubos y encontrar la soluci\u00f3n adecuada para su empresa. Con Duralbend, puede confiar en que le ofreceremos equipos fiables y de alta calidad para el \u00e9xito de su producci\u00f3n.<\/p>\n<p>&nbsp;<\/p>\n<p>&nbsp;<\/p>","protected":false},"excerpt":{"rendered":"<p>En Duralbend fabricamos desbarbadoras de alta calidad dise\u00f1adas para satisfacer las necesidades de diversas industrias. El desbarbado es un proceso crucial para eliminar los bordes afilados y las imperfecciones de los tubos met\u00e1licos, garantizando un acabado limpio y liso. Nuestras desbarbadoras, capaces de trabajar con tubos de hasta 48 mm y 60 mm de di\u00e1metro, son perfectas para sectores como la automoci\u00f3n, el mueble y la construcci\u00f3n.<\/p>\n<p><a  href=\"https:\/\/www.youtube.com\/watch?v=nFyZs_6Nx1M&#038;list=PLAmOCsRr2747tODx4PPZS-sgQu4mu8HpA\" target=\"_self\"   class=\"aux-button aux-medium aux-grey aux-3d aux-uppercase aux-icon-left\" ><span class=\"aux-overlay\"><\/span><span class=\"aux-icon fas fa-video\"><\/span><span class=\"aux-text\">V\u00eddeos<\/span><\/a><a  href=\"\/wp-content\/uploads\/2024\/11\/Dural-Product-Catalog.pdf\" target=\"_blank\"   class=\"aux-button aux-medium aux-red aux-3d aux-uppercase aux-icon-left\" ><span class=\"aux-overlay\"><\/span><span class=\"aux-icon fas fa-file-pdf\"><\/span><span class=\"aux-text\">Cat\u00e1logo<\/span><\/a><a  href=\"\/contact-form-for-machines\/\" target=\"_blank\"   class=\"aux-button aux-medium aux-blue aux-3d aux-uppercase aux-icon-left\" ><span class=\"aux-overlay\"><\/span><span class=\"aux-icon far fa-arrow-alt-circle-right\"><\/span><span class=\"aux-text\">Solicitar Presupuesto<\/span><\/a><\/p>","protected":false},"featured_media":1092,"template":"","meta":[],"product_cat":[128],"product_tag":[],"class_list":{"0":"post-1091","1":"product","2":"type-product","3":"status-publish","4":"has-post-thumbnail","6":"product_cat-tube-deburring-series","7":"aux-has-gallery","9":"first","10":"instock","11":"shipping-taxable","12":"product-type-simple"},"yoast_head":"<!-- This site is optimized with the Yoast SEO Premium plugin v23.9 (Yoast SEO v24.0) - https:\/\/yoast.com\/wordpress\/plugins\/seo\/ -->\n<title>Yalin Series Tube Deburring Machines - Duralbend USA<\/title>\n<meta name=\"description\" content=\"As Durablend, we produce machines that perform inner and outer tube deburring operations on all types of metal pipes. Own one now.\" \/>\n<meta name=\"robots\" content=\"index, follow, max-snippet:-1, max-image-preview:large, max-video-preview:-1\" \/>\n<link rel=\"canonical\" href=\"https:\/\/duralbend-usa.com\/es\/producto\/yalin-series-tube-deburring-machines\/\" \/>\n<meta property=\"og:locale\" content=\"es_MX\" \/>\n<meta property=\"og:type\" content=\"article\" \/>\n<meta property=\"og:title\" content=\"Yalin Series Tube Deburring Machines\" \/>\n<meta property=\"og:description\" content=\"As Durablend, we produce machines that perform inner and outer tube deburring operations on all types of metal pipes. Own one now.\" \/>\n<meta property=\"og:url\" content=\"https:\/\/duralbend-usa.com\/es\/producto\/yalin-series-tube-deburring-machines\/\" \/>\n<meta property=\"og:site_name\" content=\"Duralbend USA\" \/>\n<meta property=\"article:publisher\" content=\"https:\/\/www.facebook.com\/duralmachinery\" \/>\n<meta property=\"article:modified_time\" content=\"2024-11-23T17:51:39+00:00\" \/>\n<meta property=\"og:image\" content=\"https:\/\/duralbend-usa.com\/wp-content\/uploads\/2024\/11\/Yalin-Series-Tube-Chamfering-Machines.webp\" \/>\n\t<meta property=\"og:image:width\" content=\"800\" \/>\n\t<meta property=\"og:image:height\" content=\"600\" \/>\n\t<meta property=\"og:image:type\" content=\"image\/webp\" \/>\n<meta name=\"twitter:card\" content=\"summary_large_image\" \/>\n<meta name=\"twitter:label1\" content=\"Tiempo de lectura\" \/>\n\t<meta name=\"twitter:data1\" content=\"2 minutos\" \/>\n<script type=\"application\/ld+json\" class=\"yoast-schema-graph\">{\"@context\":\"https:\/\/schema.org\",\"@graph\":[{\"@type\":\"WebPage\",\"@id\":\"https:\/\/duralbend-usa.com\/product\/yalin-series-tube-deburring-machines\/\",\"url\":\"https:\/\/duralbend-usa.com\/product\/yalin-series-tube-deburring-machines\/\",\"name\":\"Yalin Series Tube Deburring Machines - Duralbend USA\",\"isPartOf\":{\"@id\":\"https:\/\/duralbend-usa.com\/#website\"},\"primaryImageOfPage\":{\"@id\":\"https:\/\/duralbend-usa.com\/product\/yalin-series-tube-deburring-machines\/#primaryimage\"},\"image\":{\"@id\":\"https:\/\/duralbend-usa.com\/product\/yalin-series-tube-deburring-machines\/#primaryimage\"},\"thumbnailUrl\":\"https:\/\/duralbend-usa.com\/wp-content\/uploads\/2024\/11\/Yalin-Series-Tube-Chamfering-Machines.webp\",\"datePublished\":\"2024-11-22T20:57:36+00:00\",\"dateModified\":\"2024-11-23T17:51:39+00:00\",\"description\":\"As Durablend, we produce machines that perform inner and outer tube deburring operations on all types of metal pipes. Own one now.\",\"breadcrumb\":{\"@id\":\"https:\/\/duralbend-usa.com\/product\/yalin-series-tube-deburring-machines\/#breadcrumb\"},\"inLanguage\":\"es\",\"potentialAction\":[{\"@type\":\"ReadAction\",\"target\":[\"https:\/\/duralbend-usa.com\/product\/yalin-series-tube-deburring-machines\/\"]}]},{\"@type\":\"ImageObject\",\"inLanguage\":\"es\",\"@id\":\"https:\/\/duralbend-usa.com\/product\/yalin-series-tube-deburring-machines\/#primaryimage\",\"url\":\"https:\/\/duralbend-usa.com\/wp-content\/uploads\/2024\/11\/Yalin-Series-Tube-Chamfering-Machines.webp\",\"contentUrl\":\"https:\/\/duralbend-usa.com\/wp-content\/uploads\/2024\/11\/Yalin-Series-Tube-Chamfering-Machines.webp\",\"width\":800,\"height\":600,\"caption\":\"Tube Chamfering Machines\"},{\"@type\":\"BreadcrumbList\",\"@id\":\"https:\/\/duralbend-usa.com\/product\/yalin-series-tube-deburring-machines\/#breadcrumb\",\"itemListElement\":[{\"@type\":\"ListItem\",\"position\":1,\"name\":\"Home\",\"item\":\"https:\/\/duralbend-usa.com\/\"},{\"@type\":\"ListItem\",\"position\":2,\"name\":\"Products\",\"item\":\"https:\/\/duralbend-usa.com\/shop\/\"},{\"@type\":\"ListItem\",\"position\":3,\"name\":\"Yalin Series Tube Deburring Machines\"}]},{\"@type\":\"WebSite\",\"@id\":\"https:\/\/duralbend-usa.com\/#website\",\"url\":\"https:\/\/duralbend-usa.com\/\",\"name\":\"Duralbend USA Tube Bending Machines\",\"description\":\"Turkey&#039;s Most Preferred Tube Bending Machine Brand\",\"publisher\":{\"@id\":\"https:\/\/duralbend-usa.com\/#organization\"},\"potentialAction\":[{\"@type\":\"SearchAction\",\"target\":{\"@type\":\"EntryPoint\",\"urlTemplate\":\"https:\/\/duralbend-usa.com\/?s={search_term_string}\"},\"query-input\":{\"@type\":\"PropertyValueSpecification\",\"valueRequired\":true,\"valueName\":\"search_term_string\"}}],\"inLanguage\":\"es\"},{\"@type\":\"Organization\",\"@id\":\"https:\/\/duralbend-usa.com\/#organization\",\"name\":\"Duralbend USA\",\"url\":\"https:\/\/duralbend-usa.com\/\",\"logo\":{\"@type\":\"ImageObject\",\"inLanguage\":\"es\",\"@id\":\"https:\/\/duralbend-usa.com\/#\/schema\/logo\/image\/\",\"url\":\"https:\/\/duralbend-usa.com\/wp-content\/uploads\/2024\/10\/cropped-Duralbend-Logo.webp\",\"contentUrl\":\"https:\/\/duralbend-usa.com\/wp-content\/uploads\/2024\/10\/cropped-Duralbend-Logo.webp\",\"width\":200,\"height\":56,\"caption\":\"Duralbend USA\"},\"image\":{\"@id\":\"https:\/\/duralbend-usa.com\/#\/schema\/logo\/image\/\"},\"sameAs\":[\"https:\/\/www.facebook.com\/duralmachinery\",\"https:\/\/mastodon.social\/@duralbendusa\",\"https:\/\/www.youtube.com\/@TheDuralmachinery\"],\"description\":\"At Duralbend, we design and build tube bending machines that suit all industrial needs. We present solutions for the most arduous production traffic, strong engineering and an innovative design philosophy to earn the confidence of our clientele. Our main categories are tube bending machines, chamfering machines, tube endforming machines and deburring machines.\",\"email\":\"info@duralbend-usa.com\",\"telephone\":\"00902124824107\",\"legalName\":\"Dural Makine ve Metal San. Tic. Ltd. Sti.\",\"foundingDate\":\"1991-02-05\",\"vatID\":\"3150093323\",\"numberOfEmployees\":{\"@type\":\"QuantitativeValue\",\"minValue\":\"11\",\"maxValue\":\"50\"}}]}<\/script>\n<!-- \/ Yoast SEO Premium plugin. -->","yoast_head_json":{"title":"Yalin Series Tube Deburring Machines - Duralbend USA","description":"As Durablend, we produce machines that perform inner and outer tube deburring operations on all types of metal pipes. Own one now.","robots":{"index":"index","follow":"follow","max-snippet":"max-snippet:-1","max-image-preview":"max-image-preview:large","max-video-preview":"max-video-preview:-1"},"canonical":"https:\/\/duralbend-usa.com\/es\/producto\/yalin-series-tube-deburring-machines\/","og_locale":"es_MX","og_type":"article","og_title":"Yalin Series Tube Deburring Machines","og_description":"As Durablend, we produce machines that perform inner and outer tube deburring operations on all types of metal pipes. Own one now.","og_url":"https:\/\/duralbend-usa.com\/es\/producto\/yalin-series-tube-deburring-machines\/","og_site_name":"Duralbend USA","article_publisher":"https:\/\/www.facebook.com\/duralmachinery","article_modified_time":"2024-11-23T17:51:39+00:00","og_image":[{"width":800,"height":600,"url":"https:\/\/duralbend-usa.com\/wp-content\/uploads\/2024\/11\/Yalin-Series-Tube-Chamfering-Machines.webp","type":"image\/webp"}],"twitter_card":"summary_large_image","twitter_misc":{"Tiempo de lectura":"2 minutos"},"schema":{"@context":"https:\/\/schema.org","@graph":[{"@type":"WebPage","@id":"https:\/\/duralbend-usa.com\/product\/yalin-series-tube-deburring-machines\/","url":"https:\/\/duralbend-usa.com\/product\/yalin-series-tube-deburring-machines\/","name":"Yalin Series Tube Deburring Machines - Duralbend USA","isPartOf":{"@id":"https:\/\/duralbend-usa.com\/#website"},"primaryImageOfPage":{"@id":"https:\/\/duralbend-usa.com\/product\/yalin-series-tube-deburring-machines\/#primaryimage"},"image":{"@id":"https:\/\/duralbend-usa.com\/product\/yalin-series-tube-deburring-machines\/#primaryimage"},"thumbnailUrl":"https:\/\/duralbend-usa.com\/wp-content\/uploads\/2024\/11\/Yalin-Series-Tube-Chamfering-Machines.webp","datePublished":"2024-11-22T20:57:36+00:00","dateModified":"2024-11-23T17:51:39+00:00","description":"As Durablend, we produce machines that perform inner and outer tube deburring operations on all types of metal pipes. Own one now.","breadcrumb":{"@id":"https:\/\/duralbend-usa.com\/product\/yalin-series-tube-deburring-machines\/#breadcrumb"},"inLanguage":"es","potentialAction":[{"@type":"ReadAction","target":["https:\/\/duralbend-usa.com\/product\/yalin-series-tube-deburring-machines\/"]}]},{"@type":"ImageObject","inLanguage":"es","@id":"https:\/\/duralbend-usa.com\/product\/yalin-series-tube-deburring-machines\/#primaryimage","url":"https:\/\/duralbend-usa.com\/wp-content\/uploads\/2024\/11\/Yalin-Series-Tube-Chamfering-Machines.webp","contentUrl":"https:\/\/duralbend-usa.com\/wp-content\/uploads\/2024\/11\/Yalin-Series-Tube-Chamfering-Machines.webp","width":800,"height":600,"caption":"Tube Chamfering Machines"},{"@type":"BreadcrumbList","@id":"https:\/\/duralbend-usa.com\/product\/yalin-series-tube-deburring-machines\/#breadcrumb","itemListElement":[{"@type":"ListItem","position":1,"name":"Home","item":"https:\/\/duralbend-usa.com\/"},{"@type":"ListItem","position":2,"name":"Products","item":"https:\/\/duralbend-usa.com\/shop\/"},{"@type":"ListItem","position":3,"name":"Yalin Series Tube Deburring Machines"}]},{"@type":"WebSite","@id":"https:\/\/duralbend-usa.com\/#website","url":"https:\/\/duralbend-usa.com\/","name":"Duralbend USA Tube Bending Machines","description":"Turkey&#039;s Most Preferred Tube Bending Machine Brand","publisher":{"@id":"https:\/\/duralbend-usa.com\/#organization"},"potentialAction":[{"@type":"SearchAction","target":{"@type":"EntryPoint","urlTemplate":"https:\/\/duralbend-usa.com\/?s={search_term_string}"},"query-input":{"@type":"PropertyValueSpecification","valueRequired":true,"valueName":"search_term_string"}}],"inLanguage":"es"},{"@type":"Organization","@id":"https:\/\/duralbend-usa.com\/#organization","name":"Duralbend USA","url":"https:\/\/duralbend-usa.com\/","logo":{"@type":"ImageObject","inLanguage":"es","@id":"https:\/\/duralbend-usa.com\/#\/schema\/logo\/image\/","url":"https:\/\/duralbend-usa.com\/wp-content\/uploads\/2024\/10\/cropped-Duralbend-Logo.webp","contentUrl":"https:\/\/duralbend-usa.com\/wp-content\/uploads\/2024\/10\/cropped-Duralbend-Logo.webp","width":200,"height":56,"caption":"Duralbend USA"},"image":{"@id":"https:\/\/duralbend-usa.com\/#\/schema\/logo\/image\/"},"sameAs":["https:\/\/www.facebook.com\/duralmachinery","https:\/\/mastodon.social\/@duralbendusa","https:\/\/www.youtube.com\/@TheDuralmachinery"],"description":"At Duralbend, we design and build tube bending machines that suit all industrial needs. We present solutions for the most arduous production traffic, strong engineering and an innovative design philosophy to earn the confidence of our clientele. Our main categories are tube bending machines, chamfering machines, tube endforming machines and deburring machines.","email":"info@duralbend-usa.com","telephone":"00902124824107","legalName":"Dural Makine ve Metal San. Tic. Ltd. Sti.","foundingDate":"1991-02-05","vatID":"3150093323","numberOfEmployees":{"@type":"QuantitativeValue","minValue":"11","maxValue":"50"}}]}},"_links":{"self":[{"href":"https:\/\/duralbend-usa.com\/es\/wp-json\/wp\/v2\/product\/1091","targetHints":{"allow":["GET"]}}],"collection":[{"href":"https:\/\/duralbend-usa.com\/es\/wp-json\/wp\/v2\/product"}],"about":[{"href":"https:\/\/duralbend-usa.com\/es\/wp-json\/wp\/v2\/types\/product"}],"wp:featuredmedia":[{"embeddable":true,"href":"https:\/\/duralbend-usa.com\/es\/wp-json\/wp\/v2\/media\/1092"}],"wp:attachment":[{"href":"https:\/\/duralbend-usa.com\/es\/wp-json\/wp\/v2\/media?parent=1091"}],"wp:term":[{"taxonomy":"product_cat","embeddable":true,"href":"https:\/\/duralbend-usa.com\/es\/wp-json\/wp\/v2\/product_cat?post=1091"},{"taxonomy":"product_tag","embeddable":true,"href":"https:\/\/duralbend-usa.com\/es\/wp-json\/wp\/v2\/product_tag?post=1091"}],"curies":[{"name":"wp","href":"https:\/\/api.w.org\/{rel}","templated":true}]}}