{"id":1087,"date":"2024-11-22T20:30:50","date_gmt":"2024-11-22T20:30:50","guid":{"rendered":"https:\/\/duralbend-usa.com\/?post_type=product&#038;p=1087"},"modified":"2024-11-23T17:50:19","modified_gmt":"2024-11-23T17:50:19","slug":"bora-series-tube-chamfering-machines","status":"publish","type":"product","link":"https:\/\/duralbend-usa.com\/es\/producto\/bora-series-tube-chamfering-machines\/","title":{"rendered":"Biseladoras Tipo Bora"},"content":{"rendered":"<h1>Biseladoras De Tubos<\/h1>\n<p>Duralbend - M\u00e1quinas de biselado y acabado longitudinal de tubos<br \/>\nEn Duralbend creamos m\u00e1quinas fiables y f\u00e1ciles de usar para el biselado de extremos de tubos y el acabado longitudinal. Estas m\u00e1quinas est\u00e1n dise\u00f1adas para procesos como el biselado interior y exterior y el biselado a la longitud correcta. Nuestras soluciones son ideales para industrias como la automoci\u00f3n, la construcci\u00f3n y el mueble, y ayudan a mejorar la calidad y la eficacia de la producci\u00f3n.<\/p>\n<p>Biselado interior y exterior<br \/>\nEl biselado es el proceso de suavizar los bordes de los extremos interiores o exteriores de un tubo. Esto ayuda a eliminar los bordes afilados y hace que el tubo sea m\u00e1s seguro y f\u00e1cil de trabajar. Nuestras biseladoras ofrecen resultados limpios y precisos, mejorando el aspecto del tubo y su utilidad en aplicaciones como accesorios y conexiones.<\/p>\n<p>Biselado para acabados lisos<br \/>\nEl biselado es otro paso importante para eliminar peque\u00f1as imperfecciones o restos de material de los extremos de los tubos. Esto garantiza un acabado liso y pulido y mejora la calidad del producto final. Las m\u00e1quinas de Duralbend realizan el biselado de forma eficiente, haciendo que el proceso sea r\u00e1pido y sencillo.<\/p>\n<p>Longitud Acabado<br \/>\nBiselar tubos a la longitud correcta es fundamental para muchas industrias. Nuestras m\u00e1quinas de acabado longitudinal garantizan que cada tubo se mida y bisele con precisi\u00f3n, reduciendo los residuos y mejorando la uniformidad. Estas m\u00e1quinas son f\u00e1ciles de manejar y ofrecen resultados fiables en todo momento.<\/p>\n<p>\u00bfPor qu\u00e9 elegir Duralbend?<br \/>\nNuestras m\u00e1quinas est\u00e1n construidas con tecnolog\u00eda avanzada pero siguen siendo f\u00e1ciles de usar. Son eficientes energ\u00e9ticamente, duraderas y requieren poco mantenimiento. Tambi\u00e9n podemos personalizar nuestras m\u00e1quinas para adaptarlas a sus necesidades de producci\u00f3n espec\u00edficas, asegur\u00e1ndonos de que encajan perfectamente en su flujo de trabajo.<\/p>\n<p>P\u00f3ngase en contacto con Duralbend hoy mismo para obtener m\u00e1s informaci\u00f3n sobre nuestras m\u00e1quinas de biselado de extremos de tubos y de acabado longitudinal. Estamos aqu\u00ed para ayudarle a conseguir mejores resultados con soluciones inteligentes y eficientes.<\/p>\n<p>&nbsp;<\/p>\n<p>&nbsp;<\/p>\n<hr \/>\n<h2>Especificaci\u00f3n de la m\u00e1quina biseladora de tubos<\/h2>\n<p>Con su altura ergon\u00f3mica de carga de la m\u00e1quina, cumple las instrucciones de salud y seguridad en el trabajo y evita posibles problemas ergon\u00f3micos.<br \/>\nAjustes de configuraci\u00f3n programables que se pueden desarrollar con el fin de obtener el resultado \u00f3ptimo en las curvas que se encuentran en su proyecto.<br \/>\nCon su modo de ahorro de energ\u00eda, aumenta la eficiencia energ\u00e9tica y protege la naturaleza y nuestro futuro.<br \/>\nDise\u00f1o de interfaz f\u00e1cil de usar, sin conocimientos, que permite aprender r\u00e1pidamente y comenzar el proyecto con rapidez.<br \/>\nPlegado r\u00e1pido y sin errores con la m\u00ednima fricci\u00f3n gracias a la gu\u00eda lineal.<br \/>\nCon su dise\u00f1o de cuerpo robusto monobloque, es duradera y requiere un mantenimiento m\u00ednimo. Su estructura sin vibraciones maximiza su sensibilidad de flexi\u00f3n mientras realiza sus operaciones.<br \/>\nDiagn\u00f3stico de errores<\/p>","protected":false},"excerpt":{"rendered":"<p>Como Duralbend, producimos dos tipos de m\u00e1quinas biseladoras de extremos de tubos. Una es una biseladora de tubos totalmente autom\u00e1tica y la otra es manual.<\/p>\n<p><a  href=\"https:\/\/www.youtube.com\/watch?v=tJhTPvWVmEw\" target=\"_self\"   class=\"aux-button aux-medium aux-grey aux-3d aux-uppercase aux-icon-left\" ><span class=\"aux-overlay\"><\/span><span class=\"aux-icon fas fa-video\"><\/span><span class=\"aux-text\">V\u00eddeos<\/span><\/a><a  href=\"\/wp-content\/uploads\/2024\/11\/Dural-Product-Catalog.pdf\" target=\"_blank\"   class=\"aux-button aux-medium aux-red aux-3d aux-uppercase aux-icon-left\" ><span class=\"aux-overlay\"><\/span><span class=\"aux-icon fas fa-file-pdf\"><\/span><span class=\"aux-text\">Cat\u00e1logo<\/span><\/a><a  href=\"\/contact-form-for-machines\/\" target=\"_blank\"   class=\"aux-button aux-medium aux-blue aux-3d aux-uppercase aux-icon-left\" ><span class=\"aux-overlay\"><\/span><span class=\"aux-icon far fa-arrow-alt-circle-right\"><\/span><span class=\"aux-text\">Solicitar Presupuesto<\/span><\/a><\/p>","protected":false},"featured_media":1088,"template":"","meta":[],"product_cat":[127],"product_tag":[],"class_list":{"0":"post-1087","1":"product","2":"type-product","3":"status-publish","4":"has-post-thumbnail","6":"product_cat-tube-chamfering-series","8":"first","9":"instock","10":"shipping-taxable","11":"product-type-simple"},"yoast_head":"<!-- This site is optimized with the Yoast SEO Premium plugin v23.9 (Yoast SEO v24.0) - https:\/\/yoast.com\/wordpress\/plugins\/seo\/ -->\n<title>Bora Series Tube Chamfering Machines - Duralbend USA<\/title>\n<meta name=\"description\" content=\"At Duralbend, we are manufacturing tube chamfering machines such as tube end finishing, inner and outer chamfering operations.\" \/>\n<meta name=\"robots\" content=\"index, follow, max-snippet:-1, max-image-preview:large, max-video-preview:-1\" \/>\n<link rel=\"canonical\" href=\"https:\/\/duralbend-usa.com\/es\/producto\/bora-series-tube-chamfering-machines\/\" \/>\n<meta property=\"og:locale\" content=\"es_MX\" \/>\n<meta property=\"og:type\" content=\"article\" \/>\n<meta property=\"og:title\" content=\"Bora Series Tube Chamfering Machines\" \/>\n<meta property=\"og:description\" content=\"At Duralbend, we are manufacturing tube chamfering machines such as tube end finishing, inner and outer chamfering operations.\" \/>\n<meta property=\"og:url\" content=\"https:\/\/duralbend-usa.com\/es\/producto\/bora-series-tube-chamfering-machines\/\" \/>\n<meta property=\"og:site_name\" content=\"Duralbend USA\" \/>\n<meta property=\"article:publisher\" content=\"https:\/\/www.facebook.com\/duralmachinery\" \/>\n<meta property=\"article:modified_time\" content=\"2024-11-23T17:50:19+00:00\" \/>\n<meta property=\"og:image\" content=\"https:\/\/duralbend-usa.com\/wp-content\/uploads\/2024\/11\/Bora-Series-Tube-Deburring-Machine-1.webp\" \/>\n\t<meta property=\"og:image:width\" content=\"800\" \/>\n\t<meta property=\"og:image:height\" content=\"600\" \/>\n\t<meta property=\"og:image:type\" content=\"image\/webp\" \/>\n<meta name=\"twitter:card\" content=\"summary_large_image\" \/>\n<meta name=\"twitter:label1\" content=\"Tiempo de lectura\" \/>\n\t<meta name=\"twitter:data1\" content=\"2 minutos\" \/>\n<script type=\"application\/ld+json\" class=\"yoast-schema-graph\">{\"@context\":\"https:\/\/schema.org\",\"@graph\":[{\"@type\":\"WebPage\",\"@id\":\"https:\/\/duralbend-usa.com\/product\/bora-series-tube-chamfering-machines\/\",\"url\":\"https:\/\/duralbend-usa.com\/product\/bora-series-tube-chamfering-machines\/\",\"name\":\"Bora Series Tube Chamfering Machines - Duralbend USA\",\"isPartOf\":{\"@id\":\"https:\/\/duralbend-usa.com\/#website\"},\"primaryImageOfPage\":{\"@id\":\"https:\/\/duralbend-usa.com\/product\/bora-series-tube-chamfering-machines\/#primaryimage\"},\"image\":{\"@id\":\"https:\/\/duralbend-usa.com\/product\/bora-series-tube-chamfering-machines\/#primaryimage\"},\"thumbnailUrl\":\"https:\/\/duralbend-usa.com\/wp-content\/uploads\/2024\/11\/Bora-Series-Tube-Deburring-Machine-1.webp\",\"datePublished\":\"2024-11-22T20:30:50+00:00\",\"dateModified\":\"2024-11-23T17:50:19+00:00\",\"description\":\"At Duralbend, we are manufacturing tube chamfering machines such as tube end finishing, inner and outer chamfering operations.\",\"breadcrumb\":{\"@id\":\"https:\/\/duralbend-usa.com\/product\/bora-series-tube-chamfering-machines\/#breadcrumb\"},\"inLanguage\":\"es\",\"potentialAction\":[{\"@type\":\"ReadAction\",\"target\":[\"https:\/\/duralbend-usa.com\/product\/bora-series-tube-chamfering-machines\/\"]}]},{\"@type\":\"ImageObject\",\"inLanguage\":\"es\",\"@id\":\"https:\/\/duralbend-usa.com\/product\/bora-series-tube-chamfering-machines\/#primaryimage\",\"url\":\"https:\/\/duralbend-usa.com\/wp-content\/uploads\/2024\/11\/Bora-Series-Tube-Deburring-Machine-1.webp\",\"contentUrl\":\"https:\/\/duralbend-usa.com\/wp-content\/uploads\/2024\/11\/Bora-Series-Tube-Deburring-Machine-1.webp\",\"width\":800,\"height\":600,\"caption\":\"Tube-Deburring-Machine\"},{\"@type\":\"BreadcrumbList\",\"@id\":\"https:\/\/duralbend-usa.com\/product\/bora-series-tube-chamfering-machines\/#breadcrumb\",\"itemListElement\":[{\"@type\":\"ListItem\",\"position\":1,\"name\":\"Home\",\"item\":\"https:\/\/duralbend-usa.com\/\"},{\"@type\":\"ListItem\",\"position\":2,\"name\":\"Products\",\"item\":\"https:\/\/duralbend-usa.com\/shop\/\"},{\"@type\":\"ListItem\",\"position\":3,\"name\":\"Bora Series Tube Chamfering Machines\"}]},{\"@type\":\"WebSite\",\"@id\":\"https:\/\/duralbend-usa.com\/#website\",\"url\":\"https:\/\/duralbend-usa.com\/\",\"name\":\"Duralbend USA Tube Bending Machines\",\"description\":\"Turkey&#039;s Most Preferred Tube Bending Machine Brand\",\"publisher\":{\"@id\":\"https:\/\/duralbend-usa.com\/#organization\"},\"potentialAction\":[{\"@type\":\"SearchAction\",\"target\":{\"@type\":\"EntryPoint\",\"urlTemplate\":\"https:\/\/duralbend-usa.com\/?s={search_term_string}\"},\"query-input\":{\"@type\":\"PropertyValueSpecification\",\"valueRequired\":true,\"valueName\":\"search_term_string\"}}],\"inLanguage\":\"es\"},{\"@type\":\"Organization\",\"@id\":\"https:\/\/duralbend-usa.com\/#organization\",\"name\":\"Duralbend USA\",\"url\":\"https:\/\/duralbend-usa.com\/\",\"logo\":{\"@type\":\"ImageObject\",\"inLanguage\":\"es\",\"@id\":\"https:\/\/duralbend-usa.com\/#\/schema\/logo\/image\/\",\"url\":\"https:\/\/duralbend-usa.com\/wp-content\/uploads\/2024\/10\/cropped-Duralbend-Logo.webp\",\"contentUrl\":\"https:\/\/duralbend-usa.com\/wp-content\/uploads\/2024\/10\/cropped-Duralbend-Logo.webp\",\"width\":200,\"height\":56,\"caption\":\"Duralbend USA\"},\"image\":{\"@id\":\"https:\/\/duralbend-usa.com\/#\/schema\/logo\/image\/\"},\"sameAs\":[\"https:\/\/www.facebook.com\/duralmachinery\",\"https:\/\/mastodon.social\/@duralbendusa\",\"https:\/\/www.youtube.com\/@TheDuralmachinery\"],\"description\":\"At Duralbend, we design and build tube bending machines that suit all industrial needs. We present solutions for the most arduous production traffic, strong engineering and an innovative design philosophy to earn the confidence of our clientele. Our main categories are tube bending machines, chamfering machines, tube endforming machines and deburring machines.\",\"email\":\"info@duralbend-usa.com\",\"telephone\":\"00902124824107\",\"legalName\":\"Dural Makine ve Metal San. Tic. Ltd. Sti.\",\"foundingDate\":\"1991-02-05\",\"vatID\":\"3150093323\",\"numberOfEmployees\":{\"@type\":\"QuantitativeValue\",\"minValue\":\"11\",\"maxValue\":\"50\"}}]}<\/script>\n<!-- \/ Yoast SEO Premium plugin. -->","yoast_head_json":{"title":"Bora Series Tube Chamfering Machines - Duralbend USA","description":"At Duralbend, we are manufacturing tube chamfering machines such as tube end finishing, inner and outer chamfering operations.","robots":{"index":"index","follow":"follow","max-snippet":"max-snippet:-1","max-image-preview":"max-image-preview:large","max-video-preview":"max-video-preview:-1"},"canonical":"https:\/\/duralbend-usa.com\/es\/producto\/bora-series-tube-chamfering-machines\/","og_locale":"es_MX","og_type":"article","og_title":"Bora Series Tube Chamfering Machines","og_description":"At Duralbend, we are manufacturing tube chamfering machines such as tube end finishing, inner and outer chamfering operations.","og_url":"https:\/\/duralbend-usa.com\/es\/producto\/bora-series-tube-chamfering-machines\/","og_site_name":"Duralbend USA","article_publisher":"https:\/\/www.facebook.com\/duralmachinery","article_modified_time":"2024-11-23T17:50:19+00:00","og_image":[{"width":800,"height":600,"url":"https:\/\/duralbend-usa.com\/wp-content\/uploads\/2024\/11\/Bora-Series-Tube-Deburring-Machine-1.webp","type":"image\/webp"}],"twitter_card":"summary_large_image","twitter_misc":{"Tiempo de lectura":"2 minutos"},"schema":{"@context":"https:\/\/schema.org","@graph":[{"@type":"WebPage","@id":"https:\/\/duralbend-usa.com\/product\/bora-series-tube-chamfering-machines\/","url":"https:\/\/duralbend-usa.com\/product\/bora-series-tube-chamfering-machines\/","name":"Bora Series Tube Chamfering Machines - Duralbend USA","isPartOf":{"@id":"https:\/\/duralbend-usa.com\/#website"},"primaryImageOfPage":{"@id":"https:\/\/duralbend-usa.com\/product\/bora-series-tube-chamfering-machines\/#primaryimage"},"image":{"@id":"https:\/\/duralbend-usa.com\/product\/bora-series-tube-chamfering-machines\/#primaryimage"},"thumbnailUrl":"https:\/\/duralbend-usa.com\/wp-content\/uploads\/2024\/11\/Bora-Series-Tube-Deburring-Machine-1.webp","datePublished":"2024-11-22T20:30:50+00:00","dateModified":"2024-11-23T17:50:19+00:00","description":"At Duralbend, we are manufacturing tube chamfering machines such as tube end finishing, inner and outer chamfering operations.","breadcrumb":{"@id":"https:\/\/duralbend-usa.com\/product\/bora-series-tube-chamfering-machines\/#breadcrumb"},"inLanguage":"es","potentialAction":[{"@type":"ReadAction","target":["https:\/\/duralbend-usa.com\/product\/bora-series-tube-chamfering-machines\/"]}]},{"@type":"ImageObject","inLanguage":"es","@id":"https:\/\/duralbend-usa.com\/product\/bora-series-tube-chamfering-machines\/#primaryimage","url":"https:\/\/duralbend-usa.com\/wp-content\/uploads\/2024\/11\/Bora-Series-Tube-Deburring-Machine-1.webp","contentUrl":"https:\/\/duralbend-usa.com\/wp-content\/uploads\/2024\/11\/Bora-Series-Tube-Deburring-Machine-1.webp","width":800,"height":600,"caption":"Tube-Deburring-Machine"},{"@type":"BreadcrumbList","@id":"https:\/\/duralbend-usa.com\/product\/bora-series-tube-chamfering-machines\/#breadcrumb","itemListElement":[{"@type":"ListItem","position":1,"name":"Home","item":"https:\/\/duralbend-usa.com\/"},{"@type":"ListItem","position":2,"name":"Products","item":"https:\/\/duralbend-usa.com\/shop\/"},{"@type":"ListItem","position":3,"name":"Bora Series Tube Chamfering Machines"}]},{"@type":"WebSite","@id":"https:\/\/duralbend-usa.com\/#website","url":"https:\/\/duralbend-usa.com\/","name":"Duralbend USA Tube Bending Machines","description":"Turkey&#039;s Most Preferred Tube Bending Machine Brand","publisher":{"@id":"https:\/\/duralbend-usa.com\/#organization"},"potentialAction":[{"@type":"SearchAction","target":{"@type":"EntryPoint","urlTemplate":"https:\/\/duralbend-usa.com\/?s={search_term_string}"},"query-input":{"@type":"PropertyValueSpecification","valueRequired":true,"valueName":"search_term_string"}}],"inLanguage":"es"},{"@type":"Organization","@id":"https:\/\/duralbend-usa.com\/#organization","name":"Duralbend USA","url":"https:\/\/duralbend-usa.com\/","logo":{"@type":"ImageObject","inLanguage":"es","@id":"https:\/\/duralbend-usa.com\/#\/schema\/logo\/image\/","url":"https:\/\/duralbend-usa.com\/wp-content\/uploads\/2024\/10\/cropped-Duralbend-Logo.webp","contentUrl":"https:\/\/duralbend-usa.com\/wp-content\/uploads\/2024\/10\/cropped-Duralbend-Logo.webp","width":200,"height":56,"caption":"Duralbend USA"},"image":{"@id":"https:\/\/duralbend-usa.com\/#\/schema\/logo\/image\/"},"sameAs":["https:\/\/www.facebook.com\/duralmachinery","https:\/\/mastodon.social\/@duralbendusa","https:\/\/www.youtube.com\/@TheDuralmachinery"],"description":"At Duralbend, we design and build tube bending machines that suit all industrial needs. We present solutions for the most arduous production traffic, strong engineering and an innovative design philosophy to earn the confidence of our clientele. Our main categories are tube bending machines, chamfering machines, tube endforming machines and deburring machines.","email":"info@duralbend-usa.com","telephone":"00902124824107","legalName":"Dural Makine ve Metal San. Tic. Ltd. Sti.","foundingDate":"1991-02-05","vatID":"3150093323","numberOfEmployees":{"@type":"QuantitativeValue","minValue":"11","maxValue":"50"}}]}},"_links":{"self":[{"href":"https:\/\/duralbend-usa.com\/es\/wp-json\/wp\/v2\/product\/1087","targetHints":{"allow":["GET"]}}],"collection":[{"href":"https:\/\/duralbend-usa.com\/es\/wp-json\/wp\/v2\/product"}],"about":[{"href":"https:\/\/duralbend-usa.com\/es\/wp-json\/wp\/v2\/types\/product"}],"wp:featuredmedia":[{"embeddable":true,"href":"https:\/\/duralbend-usa.com\/es\/wp-json\/wp\/v2\/media\/1088"}],"wp:attachment":[{"href":"https:\/\/duralbend-usa.com\/es\/wp-json\/wp\/v2\/media?parent=1087"}],"wp:term":[{"taxonomy":"product_cat","embeddable":true,"href":"https:\/\/duralbend-usa.com\/es\/wp-json\/wp\/v2\/product_cat?post=1087"},{"taxonomy":"product_tag","embeddable":true,"href":"https:\/\/duralbend-usa.com\/es\/wp-json\/wp\/v2\/product_tag?post=1087"}],"curies":[{"name":"wp","href":"https:\/\/api.w.org\/{rel}","templated":true}]}}