{"id":1081,"date":"2024-11-22T19:55:37","date_gmt":"2024-11-22T19:55:37","guid":{"rendered":"https:\/\/duralbend-usa.com\/?post_type=product&#038;p=1081"},"modified":"2024-11-23T17:51:29","modified_gmt":"2024-11-23T17:51:29","slug":"vulcan-series-tube-end-forming-machines","status":"publish","type":"product","link":"https:\/\/duralbend-usa.com\/es\/producto\/vulcan-series-tube-end-forming-machines\/","title":{"rendered":"Conformado De Extremos De Tubos"},"content":{"rendered":"<h1>Conformado De Extremos De Tubos<\/h1>\n<p>Duralbend- Su socio de confianza en m\u00e1quinas conformadoras de extremos de tubos<\/p>\n<p>Soluciones de expansi\u00f3n para extremos de tubos<br \/>\nLa expansi\u00f3n de extremos de tubos es un proceso en el que los extremos de los tubos met\u00e1licos se ensanchan para adaptarlos a aplicaciones espec\u00edficas. Esta t\u00e9cnica se utiliza habitualmente en sistemas de transporte de fluidos y gases, sistemas de escape de autom\u00f3viles y accesorios de tuber\u00edas. Nuestras m\u00e1quinas de expansi\u00f3n de extremos de tubos est\u00e1n dise\u00f1adas con precisi\u00f3n para ofrecer resultados uniformes y fiables, garantizando un funcionamiento sin problemas para sus necesidades de producci\u00f3n.<\/p>\n<p>Reducci\u00f3n y conformaci\u00f3n de extremos de tubos<br \/>\nLa reducci\u00f3n de extremos de tubo es esencial para crear uniones ajustadas y ensamblajes compactos. Nuestras m\u00e1quinas ofrecen soluciones precisas y eficaces para reducir el di\u00e1metro de los extremos de los tubos. Adem\u00e1s, nuestros sistemas de conformado permiten dar a los tubos distintas configuraciones para adaptarlos a aplicaciones espec\u00edficas. Estas caracter\u00edsticas hacen que nuestras m\u00e1quinas sean vers\u00e1tiles y fiables para diferentes entornos de producci\u00f3n.<\/p>\n<p>Rebordeado y Abocardado<br \/>\nEl rebordeado y el abocardado son procesos clave en el conformado de extremos de tubos. El rebordeado crea un borde plano y circular en el extremo del tubo, mientras que el abocardado consiste en dar forma c\u00f3nica. Estas t\u00e9cnicas son esenciales para aplicaciones como el asiento de juntas, las conexiones de tuber\u00edas y los ensamblajes personalizados. En Duralbend, nuestras m\u00e1quinas est\u00e1n equipadas con funciones avanzadas para realizar estas operaciones con suavidad y precisi\u00f3n.<\/p>\n<p>Tecnolog\u00eda f\u00e1cil de usar y personalizaci\u00f3n<br \/>\nNuestras m\u00e1quinas est\u00e1n construidas con tecnolog\u00eda punta y ofrecen interfaces f\u00e1ciles de usar y un rendimiento eficiente. Nos centramos en la eficiencia energ\u00e9tica, los bajos costes de mantenimiento y la durabilidad a largo plazo para satisfacer las necesidades de la fabricaci\u00f3n moderna. Adem\u00e1s, ofrecemos soluciones personalizadas adaptadas a los requisitos espec\u00edficos del cliente, garantizando que nuestras m\u00e1quinas se integren a la perfecci\u00f3n en su l\u00ednea de producci\u00f3n.<\/p>\n<p>Para obtener m\u00e1s informaci\u00f3n sobre nuestras m\u00e1quinas de conformado de extremos de tubos y encontrar la soluci\u00f3n adecuada para su negocio, p\u00f3ngase en contacto con nosotros hoy mismo. En Duralbend, nos dedicamos a proporcionar equipos fiables y de alta calidad para el \u00e9xito de su producci\u00f3n.<\/p>\n<p>&nbsp;<\/p>\n<p>&nbsp;<\/p>\n<hr \/>\n<h2>Especificaciones de la m\u00e1quina curvadora de tubos<\/h2>\n<p>Con su altura ergon\u00f3mica de carga de la m\u00e1quina, cumple las instrucciones de salud y seguridad en el trabajo y evita posibles problemas ergon\u00f3micos.<br \/>\nAjustes de configuraci\u00f3n programables que se pueden desarrollar con el fin de obtener el resultado \u00f3ptimo en las curvas que se encuentran en su proyecto.<br \/>\nCon su modo de ahorro de energ\u00eda, aumenta la eficiencia energ\u00e9tica y protege la naturaleza y nuestro futuro.<br \/>\nDise\u00f1o de interfaz f\u00e1cil de usar, sin conocimientos, que permite aprender r\u00e1pidamente y comenzar el proyecto con rapidez.<br \/>\nPlegado r\u00e1pido y sin errores con la m\u00ednima fricci\u00f3n gracias a la gu\u00eda lineal.<br \/>\nCon su dise\u00f1o de cuerpo robusto monobloque, es duradera y requiere un mantenimiento m\u00ednimo. Su estructura sin vibraciones maximiza su sensibilidad de flexi\u00f3n mientras realiza sus operaciones.<br \/>\nDiagn\u00f3stico de errores<\/p>","protected":false},"excerpt":{"rendered":"<p>En Dural Makine, estamos fabricando m\u00e1quinas avanzadas de formaci\u00f3n de extremos de tubos para satisfacer las demandas de diversas industrias. Nuestra gama de productos incluye m\u00e1quinas dise\u00f1adas para procesos tales como la expansi\u00f3n del extremo del tubo, reducci\u00f3n, abocardado y rebordeado. Estas m\u00e1quinas son ampliamente utilizadas en sectores como la automoci\u00f3n, muebles, construcci\u00f3n, y m\u00e1s, ayudando a mejorar la eficiencia de la producci\u00f3n y la calidad.<\/p>\n<p>&nbsp;<\/p>\n<p><a  href=\"https:\/\/www.youtube.com\/watch?v=z2uMVEH3h_M&#038;list=PLAmOCsRr27456DnDzZIJ0dV-0mm4hCl_I\" target=\"_blank\"   class=\"aux-button aux-medium aux-grey aux-3d aux-uppercase aux-icon-left\" ><span class=\"aux-overlay\"><\/span><span class=\"aux-icon fas fa-video\"><\/span><span class=\"aux-text\">V\u00eddeos<\/span><\/a><a  href=\"\/wp-content\/uploads\/2024\/11\/Dural-Product-Catalog.pdf\" target=\"_blank\"   class=\"aux-button aux-medium aux-red aux-3d aux-uppercase aux-icon-left\" ><span class=\"aux-overlay\"><\/span><span class=\"aux-icon fas fa-file-pdf\"><\/span><span class=\"aux-text\">Cat\u00e1logo<\/span><\/a><a  href=\"\/contact-form-for-machines\/\" target=\"_blank\"   class=\"aux-button aux-medium aux-blue aux-3d aux-uppercase aux-icon-left\" ><span class=\"aux-overlay\"><\/span><span class=\"aux-icon far fa-arrow-alt-circle-right\"><\/span><span class=\"aux-text\">Solicitar Presupuesto<\/span><\/a><\/p>","protected":false},"featured_media":1082,"template":"","meta":[],"product_cat":[126],"product_tag":[],"class_list":{"0":"post-1081","1":"product","2":"type-product","3":"status-publish","4":"has-post-thumbnail","6":"product_cat-tube-end-forming-series","7":"aux-has-gallery","9":"first","10":"instock","11":"shipping-taxable","12":"product-type-simple"},"yoast_head":"<!-- This site is optimized with the Yoast SEO Premium plugin v23.9 (Yoast SEO v24.0) - https:\/\/yoast.com\/wordpress\/plugins\/seo\/ -->\n<title>Vulcan Series Tube End Forming Machines - Duralbend USA<\/title>\n<meta name=\"description\" content=\"At Dural Makine, we are manufacturing tube end forming machines such as tube end expanding, reducing, flaring, and flanging.\" \/>\n<meta name=\"robots\" content=\"index, follow, max-snippet:-1, max-image-preview:large, max-video-preview:-1\" \/>\n<link rel=\"canonical\" href=\"https:\/\/duralbend-usa.com\/es\/producto\/vulcan-series-tube-end-forming-machines\/\" \/>\n<meta property=\"og:locale\" content=\"es_MX\" \/>\n<meta property=\"og:type\" content=\"article\" \/>\n<meta property=\"og:title\" content=\"Vulcan Series Tube End Forming Machines\" \/>\n<meta property=\"og:description\" content=\"At Dural Makine, we are manufacturing tube end forming machines such as tube end expanding, reducing, flaring, and flanging.\" \/>\n<meta property=\"og:url\" content=\"https:\/\/duralbend-usa.com\/es\/producto\/vulcan-series-tube-end-forming-machines\/\" \/>\n<meta property=\"og:site_name\" content=\"Duralbend USA\" \/>\n<meta property=\"article:publisher\" content=\"https:\/\/www.facebook.com\/duralmachinery\" \/>\n<meta property=\"article:modified_time\" content=\"2024-11-23T17:51:29+00:00\" \/>\n<meta property=\"og:image\" content=\"https:\/\/duralbend-usa.com\/wp-content\/uploads\/2024\/11\/Vulcan-Series-Tube-End-Forming-Machines.webp\" \/>\n\t<meta property=\"og:image:width\" content=\"800\" \/>\n\t<meta property=\"og:image:height\" content=\"600\" \/>\n\t<meta property=\"og:image:type\" content=\"image\/webp\" \/>\n<meta name=\"twitter:card\" content=\"summary_large_image\" \/>\n<meta name=\"twitter:label1\" content=\"Tiempo de lectura\" \/>\n\t<meta name=\"twitter:data1\" content=\"2 minutos\" \/>\n<script type=\"application\/ld+json\" class=\"yoast-schema-graph\">{\"@context\":\"https:\/\/schema.org\",\"@graph\":[{\"@type\":\"WebPage\",\"@id\":\"https:\/\/duralbend-usa.com\/product\/vulcan-series-tube-end-forming-machines\/\",\"url\":\"https:\/\/duralbend-usa.com\/product\/vulcan-series-tube-end-forming-machines\/\",\"name\":\"Vulcan Series Tube End Forming Machines - Duralbend USA\",\"isPartOf\":{\"@id\":\"https:\/\/duralbend-usa.com\/#website\"},\"primaryImageOfPage\":{\"@id\":\"https:\/\/duralbend-usa.com\/product\/vulcan-series-tube-end-forming-machines\/#primaryimage\"},\"image\":{\"@id\":\"https:\/\/duralbend-usa.com\/product\/vulcan-series-tube-end-forming-machines\/#primaryimage\"},\"thumbnailUrl\":\"https:\/\/duralbend-usa.com\/wp-content\/uploads\/2024\/11\/Vulcan-Series-Tube-End-Forming-Machines.webp\",\"datePublished\":\"2024-11-22T19:55:37+00:00\",\"dateModified\":\"2024-11-23T17:51:29+00:00\",\"description\":\"At Dural Makine, we are manufacturing tube end forming machines such as tube end expanding, reducing, flaring, and flanging.\",\"breadcrumb\":{\"@id\":\"https:\/\/duralbend-usa.com\/product\/vulcan-series-tube-end-forming-machines\/#breadcrumb\"},\"inLanguage\":\"es\",\"potentialAction\":[{\"@type\":\"ReadAction\",\"target\":[\"https:\/\/duralbend-usa.com\/product\/vulcan-series-tube-end-forming-machines\/\"]}]},{\"@type\":\"ImageObject\",\"inLanguage\":\"es\",\"@id\":\"https:\/\/duralbend-usa.com\/product\/vulcan-series-tube-end-forming-machines\/#primaryimage\",\"url\":\"https:\/\/duralbend-usa.com\/wp-content\/uploads\/2024\/11\/Vulcan-Series-Tube-End-Forming-Machines.webp\",\"contentUrl\":\"https:\/\/duralbend-usa.com\/wp-content\/uploads\/2024\/11\/Vulcan-Series-Tube-End-Forming-Machines.webp\",\"width\":800,\"height\":600,\"caption\":\"Tube-End-Forming-Machines\"},{\"@type\":\"BreadcrumbList\",\"@id\":\"https:\/\/duralbend-usa.com\/product\/vulcan-series-tube-end-forming-machines\/#breadcrumb\",\"itemListElement\":[{\"@type\":\"ListItem\",\"position\":1,\"name\":\"Home\",\"item\":\"https:\/\/duralbend-usa.com\/\"},{\"@type\":\"ListItem\",\"position\":2,\"name\":\"Products\",\"item\":\"https:\/\/duralbend-usa.com\/shop\/\"},{\"@type\":\"ListItem\",\"position\":3,\"name\":\"Vulcan Series Tube End Forming Machines\"}]},{\"@type\":\"WebSite\",\"@id\":\"https:\/\/duralbend-usa.com\/#website\",\"url\":\"https:\/\/duralbend-usa.com\/\",\"name\":\"Duralbend USA Tube Bending Machines\",\"description\":\"Turkey&#039;s Most Preferred Tube Bending Machine Brand\",\"publisher\":{\"@id\":\"https:\/\/duralbend-usa.com\/#organization\"},\"potentialAction\":[{\"@type\":\"SearchAction\",\"target\":{\"@type\":\"EntryPoint\",\"urlTemplate\":\"https:\/\/duralbend-usa.com\/?s={search_term_string}\"},\"query-input\":{\"@type\":\"PropertyValueSpecification\",\"valueRequired\":true,\"valueName\":\"search_term_string\"}}],\"inLanguage\":\"es\"},{\"@type\":\"Organization\",\"@id\":\"https:\/\/duralbend-usa.com\/#organization\",\"name\":\"Duralbend USA\",\"url\":\"https:\/\/duralbend-usa.com\/\",\"logo\":{\"@type\":\"ImageObject\",\"inLanguage\":\"es\",\"@id\":\"https:\/\/duralbend-usa.com\/#\/schema\/logo\/image\/\",\"url\":\"https:\/\/duralbend-usa.com\/wp-content\/uploads\/2024\/10\/cropped-Duralbend-Logo.webp\",\"contentUrl\":\"https:\/\/duralbend-usa.com\/wp-content\/uploads\/2024\/10\/cropped-Duralbend-Logo.webp\",\"width\":200,\"height\":56,\"caption\":\"Duralbend USA\"},\"image\":{\"@id\":\"https:\/\/duralbend-usa.com\/#\/schema\/logo\/image\/\"},\"sameAs\":[\"https:\/\/www.facebook.com\/duralmachinery\",\"https:\/\/mastodon.social\/@duralbendusa\",\"https:\/\/www.youtube.com\/@TheDuralmachinery\"],\"description\":\"At Duralbend, we design and build tube bending machines that suit all industrial needs. We present solutions for the most arduous production traffic, strong engineering and an innovative design philosophy to earn the confidence of our clientele. Our main categories are tube bending machines, chamfering machines, tube endforming machines and deburring machines.\",\"email\":\"info@duralbend-usa.com\",\"telephone\":\"00902124824107\",\"legalName\":\"Dural Makine ve Metal San. Tic. Ltd. Sti.\",\"foundingDate\":\"1991-02-05\",\"vatID\":\"3150093323\",\"numberOfEmployees\":{\"@type\":\"QuantitativeValue\",\"minValue\":\"11\",\"maxValue\":\"50\"}}]}<\/script>\n<!-- \/ Yoast SEO Premium plugin. -->","yoast_head_json":{"title":"Vulcan Series Tube End Forming Machines - Duralbend USA","description":"At Dural Makine, we are manufacturing tube end forming machines such as tube end expanding, reducing, flaring, and flanging.","robots":{"index":"index","follow":"follow","max-snippet":"max-snippet:-1","max-image-preview":"max-image-preview:large","max-video-preview":"max-video-preview:-1"},"canonical":"https:\/\/duralbend-usa.com\/es\/producto\/vulcan-series-tube-end-forming-machines\/","og_locale":"es_MX","og_type":"article","og_title":"Vulcan Series Tube End Forming Machines","og_description":"At Dural Makine, we are manufacturing tube end forming machines such as tube end expanding, reducing, flaring, and flanging.","og_url":"https:\/\/duralbend-usa.com\/es\/producto\/vulcan-series-tube-end-forming-machines\/","og_site_name":"Duralbend USA","article_publisher":"https:\/\/www.facebook.com\/duralmachinery","article_modified_time":"2024-11-23T17:51:29+00:00","og_image":[{"width":800,"height":600,"url":"https:\/\/duralbend-usa.com\/wp-content\/uploads\/2024\/11\/Vulcan-Series-Tube-End-Forming-Machines.webp","type":"image\/webp"}],"twitter_card":"summary_large_image","twitter_misc":{"Tiempo de lectura":"2 minutos"},"schema":{"@context":"https:\/\/schema.org","@graph":[{"@type":"WebPage","@id":"https:\/\/duralbend-usa.com\/product\/vulcan-series-tube-end-forming-machines\/","url":"https:\/\/duralbend-usa.com\/product\/vulcan-series-tube-end-forming-machines\/","name":"Vulcan Series Tube End Forming Machines - Duralbend USA","isPartOf":{"@id":"https:\/\/duralbend-usa.com\/#website"},"primaryImageOfPage":{"@id":"https:\/\/duralbend-usa.com\/product\/vulcan-series-tube-end-forming-machines\/#primaryimage"},"image":{"@id":"https:\/\/duralbend-usa.com\/product\/vulcan-series-tube-end-forming-machines\/#primaryimage"},"thumbnailUrl":"https:\/\/duralbend-usa.com\/wp-content\/uploads\/2024\/11\/Vulcan-Series-Tube-End-Forming-Machines.webp","datePublished":"2024-11-22T19:55:37+00:00","dateModified":"2024-11-23T17:51:29+00:00","description":"At Dural Makine, we are manufacturing tube end forming machines such as tube end expanding, reducing, flaring, and flanging.","breadcrumb":{"@id":"https:\/\/duralbend-usa.com\/product\/vulcan-series-tube-end-forming-machines\/#breadcrumb"},"inLanguage":"es","potentialAction":[{"@type":"ReadAction","target":["https:\/\/duralbend-usa.com\/product\/vulcan-series-tube-end-forming-machines\/"]}]},{"@type":"ImageObject","inLanguage":"es","@id":"https:\/\/duralbend-usa.com\/product\/vulcan-series-tube-end-forming-machines\/#primaryimage","url":"https:\/\/duralbend-usa.com\/wp-content\/uploads\/2024\/11\/Vulcan-Series-Tube-End-Forming-Machines.webp","contentUrl":"https:\/\/duralbend-usa.com\/wp-content\/uploads\/2024\/11\/Vulcan-Series-Tube-End-Forming-Machines.webp","width":800,"height":600,"caption":"Tube-End-Forming-Machines"},{"@type":"BreadcrumbList","@id":"https:\/\/duralbend-usa.com\/product\/vulcan-series-tube-end-forming-machines\/#breadcrumb","itemListElement":[{"@type":"ListItem","position":1,"name":"Home","item":"https:\/\/duralbend-usa.com\/"},{"@type":"ListItem","position":2,"name":"Products","item":"https:\/\/duralbend-usa.com\/shop\/"},{"@type":"ListItem","position":3,"name":"Vulcan Series Tube End Forming Machines"}]},{"@type":"WebSite","@id":"https:\/\/duralbend-usa.com\/#website","url":"https:\/\/duralbend-usa.com\/","name":"Duralbend USA Tube Bending Machines","description":"Turkey&#039;s Most Preferred Tube Bending Machine Brand","publisher":{"@id":"https:\/\/duralbend-usa.com\/#organization"},"potentialAction":[{"@type":"SearchAction","target":{"@type":"EntryPoint","urlTemplate":"https:\/\/duralbend-usa.com\/?s={search_term_string}"},"query-input":{"@type":"PropertyValueSpecification","valueRequired":true,"valueName":"search_term_string"}}],"inLanguage":"es"},{"@type":"Organization","@id":"https:\/\/duralbend-usa.com\/#organization","name":"Duralbend USA","url":"https:\/\/duralbend-usa.com\/","logo":{"@type":"ImageObject","inLanguage":"es","@id":"https:\/\/duralbend-usa.com\/#\/schema\/logo\/image\/","url":"https:\/\/duralbend-usa.com\/wp-content\/uploads\/2024\/10\/cropped-Duralbend-Logo.webp","contentUrl":"https:\/\/duralbend-usa.com\/wp-content\/uploads\/2024\/10\/cropped-Duralbend-Logo.webp","width":200,"height":56,"caption":"Duralbend USA"},"image":{"@id":"https:\/\/duralbend-usa.com\/#\/schema\/logo\/image\/"},"sameAs":["https:\/\/www.facebook.com\/duralmachinery","https:\/\/mastodon.social\/@duralbendusa","https:\/\/www.youtube.com\/@TheDuralmachinery"],"description":"At Duralbend, we design and build tube bending machines that suit all industrial needs. We present solutions for the most arduous production traffic, strong engineering and an innovative design philosophy to earn the confidence of our clientele. Our main categories are tube bending machines, chamfering machines, tube endforming machines and deburring machines.","email":"info@duralbend-usa.com","telephone":"00902124824107","legalName":"Dural Makine ve Metal San. Tic. Ltd. Sti.","foundingDate":"1991-02-05","vatID":"3150093323","numberOfEmployees":{"@type":"QuantitativeValue","minValue":"11","maxValue":"50"}}]}},"_links":{"self":[{"href":"https:\/\/duralbend-usa.com\/es\/wp-json\/wp\/v2\/product\/1081","targetHints":{"allow":["GET"]}}],"collection":[{"href":"https:\/\/duralbend-usa.com\/es\/wp-json\/wp\/v2\/product"}],"about":[{"href":"https:\/\/duralbend-usa.com\/es\/wp-json\/wp\/v2\/types\/product"}],"wp:featuredmedia":[{"embeddable":true,"href":"https:\/\/duralbend-usa.com\/es\/wp-json\/wp\/v2\/media\/1082"}],"wp:attachment":[{"href":"https:\/\/duralbend-usa.com\/es\/wp-json\/wp\/v2\/media?parent=1081"}],"wp:term":[{"taxonomy":"product_cat","embeddable":true,"href":"https:\/\/duralbend-usa.com\/es\/wp-json\/wp\/v2\/product_cat?post=1081"},{"taxonomy":"product_tag","embeddable":true,"href":"https:\/\/duralbend-usa.com\/es\/wp-json\/wp\/v2\/product_tag?post=1081"}],"curies":[{"name":"wp","href":"https:\/\/api.w.org\/{rel}","templated":true}]}}