{"id":1072,"date":"2024-11-20T07:32:20","date_gmt":"2024-11-20T07:32:20","guid":{"rendered":"https:\/\/duralbend-usa.com\/?post_type=product&#038;p=1072"},"modified":"2024-11-23T17:51:00","modified_gmt":"2024-11-23T17:51:00","slug":"gemini-series-double-head-tube-bending-machines","status":"publish","type":"product","link":"https:\/\/duralbend-usa.com\/es\/producto\/gemini-series-double-head-tube-bending-machines\/","title":{"rendered":"M\u00e1quinas Curvadoras De Tubos De La Serie Gemini"},"content":{"rendered":"<h1>M\u00e1quina curvadora de tubos de doble cabezal<\/h1>\n<p>Nuestras curvadoras de tubos de doble cabezal, dise\u00f1adas para satisfacer las m\u00e1s altas exigencias de precisi\u00f3n y productividad, est\u00e1n espec\u00edficamente adaptadas para mejorar los procesos de producci\u00f3n.<\/p>\n<p>Introduce el concepto de curvadoras de tubos de doble cabezal, capaces de curvar tubos por los dos lados al mismo tiempo, lo que acelera la producci\u00f3n y ahorra costes. Por ello, estas caracter\u00edsticas las hacen perfectas para la automoci\u00f3n, el mobiliario, el equipamiento deportivo, los accesorios para motocicletas y otros sectores que requieren una producci\u00f3n en serie. La capacidad de curvar dos tubos al mismo tiempo agiliza las l\u00edneas de producci\u00f3n y reduce los gastos de mano de obra.<\/p>\n<p>La interfaz que hace que la m\u00e1quina sea muy f\u00e1cil de usar es una de sus caracter\u00edsticas. Este sistema reduce los posibles errores y aumenta la eficiencia de la producci\u00f3n, ayudando as\u00ed a los operarios a programar y producir con rapidez.<\/p>\n<p>El uso de materiales duraderos y de alta calidad en la construcci\u00f3n de las curvadoras de tubos de doble cabezal de Dural Makine garantiza un rendimiento duradero y unos gastos de mantenimiento reducidos.<\/p>\n<p>En Duralbend, la satisfacci\u00f3n del cliente es nuestra prioridad n\u00famero uno. \u00bfDesea acelerar la producci\u00f3n y reducir costes? Utilice nuestras curvadoras de tubos de doble cabezal, que son la soluci\u00f3n m\u00e1s id\u00f3nea.<\/p>\n<hr \/>\n<h2>Especificaciones de la m\u00e1quina curvadora de tubos<\/h2>\n<p>Con su altura ergon\u00f3mica de carga de la m\u00e1quina, cumple las instrucciones de salud y seguridad en el trabajo y evita posibles problemas ergon\u00f3micos.<br \/>\nAjustes de configuraci\u00f3n programables que se pueden desarrollar con el fin de obtener el resultado \u00f3ptimo en las curvas que se encuentran en su proyecto.<br \/>\nCon su modo de ahorro de energ\u00eda, aumenta la eficiencia energ\u00e9tica y protege la naturaleza y nuestro futuro.<br \/>\nCon el modo Powerbend, se pretende facilitar el plegado de sus materiales dif\u00edciles de doblar.<br \/>\nDise\u00f1o de interfaz f\u00e1cil de usar, sin conocimientos, que permite aprender r\u00e1pidamente y comenzar el proyecto con rapidez.<br \/>\nInterfaz de usuario con pantalla t\u00e1ctil de 7 pulgadas<br \/>\nPlegado r\u00e1pido y sin errores con la m\u00ednima fricci\u00f3n gracias a la gu\u00eda lineal.<br \/>\nCon su dise\u00f1o de cuerpo robusto monobloque, es duradera y requiere un mantenimiento m\u00ednimo. Su estructura sin vibraciones maximiza su sensibilidad de flexi\u00f3n mientras realiza sus operaciones.<br \/>\nDiagn\u00f3stico de errores<\/p>","protected":false},"excerpt":{"rendered":"<p>Estructuras de las curvadoras de tubos \u00abGemini\u00bb. Este tipo de curvadoras de tubos curvan los tubos con dos cabezales de curvado propios. Gemini tiene 3 tipos diferentes que son DB, DBF, DBFR.<\/p>\n<p><strong>DB<\/strong> realiza la operaci\u00f3n de plegado autom\u00e1ticamente.<\/p>\n<p><strong>DBF<\/strong> realiza autom\u00e1ticamente las operaciones de plegado y alimentaci\u00f3n.<\/p>\n<p><strong>DBFR<\/strong> realiza autom\u00e1ticamente las operaciones de plegado, rotaci\u00f3n y alimentaci\u00f3n.<\/p>\n<p>&nbsp;<\/p>\n<p><strong>Capacidad de curvar tubos al mismo tiempo<\/strong><\/p>\n<p>1 pc. \u00d838mmx2mm<br \/>\n2 pcs. \u00d825mmx1,5mm<br \/>\n3 pcs. \u00d816mmx1,5mm<br \/>\n4 pcs. \u00d813mmx1,5mm<\/p>\n<p>&nbsp;<\/p>\n<p><a  href=\"https:\/\/www.youtube.com\/watch?v=aUe8JLusbDA&#038;list=PLAmOCsRr2747NNbd3Iyfb-kdCw0Fpxj8t\" target=\"_blank\"   class=\"aux-button aux-medium aux-grey aux-3d aux-uppercase aux-icon-left\" ><span class=\"aux-overlay\"><\/span><span class=\"aux-icon fas fa-video\"><\/span><span class=\"aux-text\">V\u00eddeos<\/span><\/a><a  href=\"\/wp-content\/uploads\/2024\/11\/Dural-Product-Catalog.pdf\" target=\"_blank\"   class=\"aux-button aux-medium aux-red aux-3d aux-uppercase aux-icon-left\" ><span class=\"aux-overlay\"><\/span><span class=\"aux-icon fas fa-file-pdf\"><\/span><span class=\"aux-text\">Cat\u00e1logo<\/span><\/a><a  href=\"\/contact-form-for-machines\/\" target=\"_blank\"   class=\"aux-button aux-medium aux-blue aux-3d aux-uppercase aux-icon-left\" ><span class=\"aux-overlay\"><\/span><span class=\"aux-icon far fa-arrow-alt-circle-right\"><\/span><span class=\"aux-text\">Solicitar Presupuesto<\/span><\/a><\/p>","protected":false},"featured_media":1073,"template":"","meta":[],"product_cat":[125,121],"product_tag":[],"class_list":{"0":"post-1072","1":"product","2":"type-product","3":"status-publish","4":"has-post-thumbnail","6":"product_cat-gemini-series-double-head-tube-bending-machine","7":"product_cat-tube-bending-machines","8":"aux-has-gallery","10":"first","11":"instock","12":"shipping-taxable","13":"product-type-simple"},"yoast_head":"<!-- This site is optimized with the Yoast SEO Premium plugin v23.9 (Yoast SEO v24.0) - https:\/\/yoast.com\/wordpress\/plugins\/seo\/ -->\n<title>Gemini Series Tube Bending Machines - Duralbend USA<\/title>\n<meta name=\"description\" content=\"Twin-head pipe bending machines, which are capable of two side bending pipes at the same time. Increase your productivity with double heads tube bender.\" \/>\n<meta name=\"robots\" content=\"index, follow, max-snippet:-1, max-image-preview:large, max-video-preview:-1\" \/>\n<link rel=\"canonical\" href=\"https:\/\/duralbend-usa.com\/es\/producto\/gemini-series-double-head-tube-bending-machines\/\" \/>\n<meta property=\"og:locale\" content=\"es_MX\" \/>\n<meta property=\"og:type\" content=\"article\" \/>\n<meta property=\"og:title\" content=\"Gemini Series Tube Bending Machines\" \/>\n<meta property=\"og:description\" content=\"Twin-head pipe bending machines, which are capable of two side bending pipes at the same time. Increase your productivity with double heads tube bender.\" \/>\n<meta property=\"og:url\" content=\"https:\/\/duralbend-usa.com\/es\/producto\/gemini-series-double-head-tube-bending-machines\/\" \/>\n<meta property=\"og:site_name\" content=\"Duralbend USA\" \/>\n<meta property=\"article:publisher\" content=\"https:\/\/www.facebook.com\/duralmachinery\" \/>\n<meta property=\"article:modified_time\" content=\"2024-11-23T17:51:00+00:00\" \/>\n<meta property=\"og:image\" content=\"https:\/\/duralbend-usa.com\/wp-content\/uploads\/2024\/11\/Gemini-Series-Double-Head-Twin-Head-Tube-Bender.webp\" \/>\n\t<meta property=\"og:image:width\" content=\"800\" \/>\n\t<meta property=\"og:image:height\" content=\"600\" \/>\n\t<meta property=\"og:image:type\" content=\"image\/webp\" \/>\n<meta name=\"twitter:card\" content=\"summary_large_image\" \/>\n<meta name=\"twitter:label1\" content=\"Tiempo de lectura\" \/>\n\t<meta name=\"twitter:data1\" content=\"2 minutos\" \/>\n<script type=\"application\/ld+json\" class=\"yoast-schema-graph\">{\"@context\":\"https:\/\/schema.org\",\"@graph\":[{\"@type\":\"WebPage\",\"@id\":\"https:\/\/duralbend-usa.com\/product\/gemini-series-double-head-tube-bending-machines\/\",\"url\":\"https:\/\/duralbend-usa.com\/product\/gemini-series-double-head-tube-bending-machines\/\",\"name\":\"Gemini Series Tube Bending Machines - Duralbend USA\",\"isPartOf\":{\"@id\":\"https:\/\/duralbend-usa.com\/#website\"},\"primaryImageOfPage\":{\"@id\":\"https:\/\/duralbend-usa.com\/product\/gemini-series-double-head-tube-bending-machines\/#primaryimage\"},\"image\":{\"@id\":\"https:\/\/duralbend-usa.com\/product\/gemini-series-double-head-tube-bending-machines\/#primaryimage\"},\"thumbnailUrl\":\"https:\/\/duralbend-usa.com\/wp-content\/uploads\/2024\/11\/Gemini-Series-Double-Head-Twin-Head-Tube-Bender.webp\",\"datePublished\":\"2024-11-20T07:32:20+00:00\",\"dateModified\":\"2024-11-23T17:51:00+00:00\",\"description\":\"Twin-head pipe bending machines, which are capable of two side bending pipes at the same time. Increase your productivity with double heads tube bender.\",\"breadcrumb\":{\"@id\":\"https:\/\/duralbend-usa.com\/product\/gemini-series-double-head-tube-bending-machines\/#breadcrumb\"},\"inLanguage\":\"es\",\"potentialAction\":[{\"@type\":\"ReadAction\",\"target\":[\"https:\/\/duralbend-usa.com\/product\/gemini-series-double-head-tube-bending-machines\/\"]}]},{\"@type\":\"ImageObject\",\"inLanguage\":\"es\",\"@id\":\"https:\/\/duralbend-usa.com\/product\/gemini-series-double-head-tube-bending-machines\/#primaryimage\",\"url\":\"https:\/\/duralbend-usa.com\/wp-content\/uploads\/2024\/11\/Gemini-Series-Double-Head-Twin-Head-Tube-Bender.webp\",\"contentUrl\":\"https:\/\/duralbend-usa.com\/wp-content\/uploads\/2024\/11\/Gemini-Series-Double-Head-Twin-Head-Tube-Bender.webp\",\"width\":800,\"height\":600,\"caption\":\"Gemini-Series-Double-Head-Twin-Head-Tube-Bender\"},{\"@type\":\"BreadcrumbList\",\"@id\":\"https:\/\/duralbend-usa.com\/product\/gemini-series-double-head-tube-bending-machines\/#breadcrumb\",\"itemListElement\":[{\"@type\":\"ListItem\",\"position\":1,\"name\":\"Home\",\"item\":\"https:\/\/duralbend-usa.com\/\"},{\"@type\":\"ListItem\",\"position\":2,\"name\":\"Products\",\"item\":\"https:\/\/duralbend-usa.com\/shop\/\"},{\"@type\":\"ListItem\",\"position\":3,\"name\":\"Gemini Series Tube Bending Machines\"}]},{\"@type\":\"WebSite\",\"@id\":\"https:\/\/duralbend-usa.com\/#website\",\"url\":\"https:\/\/duralbend-usa.com\/\",\"name\":\"Duralbend USA Tube Bending Machines\",\"description\":\"Turkey&#039;s Most Preferred Tube Bending Machine Brand\",\"publisher\":{\"@id\":\"https:\/\/duralbend-usa.com\/#organization\"},\"potentialAction\":[{\"@type\":\"SearchAction\",\"target\":{\"@type\":\"EntryPoint\",\"urlTemplate\":\"https:\/\/duralbend-usa.com\/?s={search_term_string}\"},\"query-input\":{\"@type\":\"PropertyValueSpecification\",\"valueRequired\":true,\"valueName\":\"search_term_string\"}}],\"inLanguage\":\"es\"},{\"@type\":\"Organization\",\"@id\":\"https:\/\/duralbend-usa.com\/#organization\",\"name\":\"Duralbend USA\",\"url\":\"https:\/\/duralbend-usa.com\/\",\"logo\":{\"@type\":\"ImageObject\",\"inLanguage\":\"es\",\"@id\":\"https:\/\/duralbend-usa.com\/#\/schema\/logo\/image\/\",\"url\":\"https:\/\/duralbend-usa.com\/wp-content\/uploads\/2024\/10\/cropped-Duralbend-Logo.webp\",\"contentUrl\":\"https:\/\/duralbend-usa.com\/wp-content\/uploads\/2024\/10\/cropped-Duralbend-Logo.webp\",\"width\":200,\"height\":56,\"caption\":\"Duralbend USA\"},\"image\":{\"@id\":\"https:\/\/duralbend-usa.com\/#\/schema\/logo\/image\/\"},\"sameAs\":[\"https:\/\/www.facebook.com\/duralmachinery\",\"https:\/\/mastodon.social\/@duralbendusa\",\"https:\/\/www.youtube.com\/@TheDuralmachinery\"],\"description\":\"At Duralbend, we design and build tube bending machines that suit all industrial needs. We present solutions for the most arduous production traffic, strong engineering and an innovative design philosophy to earn the confidence of our clientele. Our main categories are tube bending machines, chamfering machines, tube endforming machines and deburring machines.\",\"email\":\"info@duralbend-usa.com\",\"telephone\":\"00902124824107\",\"legalName\":\"Dural Makine ve Metal San. Tic. Ltd. Sti.\",\"foundingDate\":\"1991-02-05\",\"vatID\":\"3150093323\",\"numberOfEmployees\":{\"@type\":\"QuantitativeValue\",\"minValue\":\"11\",\"maxValue\":\"50\"}}]}<\/script>\n<!-- \/ Yoast SEO Premium plugin. -->","yoast_head_json":{"title":"Gemini Series Tube Bending Machines - Duralbend USA","description":"Twin-head pipe bending machines, which are capable of two side bending pipes at the same time. Increase your productivity with double heads tube bender.","robots":{"index":"index","follow":"follow","max-snippet":"max-snippet:-1","max-image-preview":"max-image-preview:large","max-video-preview":"max-video-preview:-1"},"canonical":"https:\/\/duralbend-usa.com\/es\/producto\/gemini-series-double-head-tube-bending-machines\/","og_locale":"es_MX","og_type":"article","og_title":"Gemini Series Tube Bending Machines","og_description":"Twin-head pipe bending machines, which are capable of two side bending pipes at the same time. Increase your productivity with double heads tube bender.","og_url":"https:\/\/duralbend-usa.com\/es\/producto\/gemini-series-double-head-tube-bending-machines\/","og_site_name":"Duralbend USA","article_publisher":"https:\/\/www.facebook.com\/duralmachinery","article_modified_time":"2024-11-23T17:51:00+00:00","og_image":[{"width":800,"height":600,"url":"https:\/\/duralbend-usa.com\/wp-content\/uploads\/2024\/11\/Gemini-Series-Double-Head-Twin-Head-Tube-Bender.webp","type":"image\/webp"}],"twitter_card":"summary_large_image","twitter_misc":{"Tiempo de lectura":"2 minutos"},"schema":{"@context":"https:\/\/schema.org","@graph":[{"@type":"WebPage","@id":"https:\/\/duralbend-usa.com\/product\/gemini-series-double-head-tube-bending-machines\/","url":"https:\/\/duralbend-usa.com\/product\/gemini-series-double-head-tube-bending-machines\/","name":"Gemini Series Tube Bending Machines - Duralbend USA","isPartOf":{"@id":"https:\/\/duralbend-usa.com\/#website"},"primaryImageOfPage":{"@id":"https:\/\/duralbend-usa.com\/product\/gemini-series-double-head-tube-bending-machines\/#primaryimage"},"image":{"@id":"https:\/\/duralbend-usa.com\/product\/gemini-series-double-head-tube-bending-machines\/#primaryimage"},"thumbnailUrl":"https:\/\/duralbend-usa.com\/wp-content\/uploads\/2024\/11\/Gemini-Series-Double-Head-Twin-Head-Tube-Bender.webp","datePublished":"2024-11-20T07:32:20+00:00","dateModified":"2024-11-23T17:51:00+00:00","description":"Twin-head pipe bending machines, which are capable of two side bending pipes at the same time. Increase your productivity with double heads tube bender.","breadcrumb":{"@id":"https:\/\/duralbend-usa.com\/product\/gemini-series-double-head-tube-bending-machines\/#breadcrumb"},"inLanguage":"es","potentialAction":[{"@type":"ReadAction","target":["https:\/\/duralbend-usa.com\/product\/gemini-series-double-head-tube-bending-machines\/"]}]},{"@type":"ImageObject","inLanguage":"es","@id":"https:\/\/duralbend-usa.com\/product\/gemini-series-double-head-tube-bending-machines\/#primaryimage","url":"https:\/\/duralbend-usa.com\/wp-content\/uploads\/2024\/11\/Gemini-Series-Double-Head-Twin-Head-Tube-Bender.webp","contentUrl":"https:\/\/duralbend-usa.com\/wp-content\/uploads\/2024\/11\/Gemini-Series-Double-Head-Twin-Head-Tube-Bender.webp","width":800,"height":600,"caption":"Gemini-Series-Double-Head-Twin-Head-Tube-Bender"},{"@type":"BreadcrumbList","@id":"https:\/\/duralbend-usa.com\/product\/gemini-series-double-head-tube-bending-machines\/#breadcrumb","itemListElement":[{"@type":"ListItem","position":1,"name":"Home","item":"https:\/\/duralbend-usa.com\/"},{"@type":"ListItem","position":2,"name":"Products","item":"https:\/\/duralbend-usa.com\/shop\/"},{"@type":"ListItem","position":3,"name":"Gemini Series Tube Bending Machines"}]},{"@type":"WebSite","@id":"https:\/\/duralbend-usa.com\/#website","url":"https:\/\/duralbend-usa.com\/","name":"Duralbend USA Tube Bending Machines","description":"Turkey&#039;s Most Preferred Tube Bending Machine Brand","publisher":{"@id":"https:\/\/duralbend-usa.com\/#organization"},"potentialAction":[{"@type":"SearchAction","target":{"@type":"EntryPoint","urlTemplate":"https:\/\/duralbend-usa.com\/?s={search_term_string}"},"query-input":{"@type":"PropertyValueSpecification","valueRequired":true,"valueName":"search_term_string"}}],"inLanguage":"es"},{"@type":"Organization","@id":"https:\/\/duralbend-usa.com\/#organization","name":"Duralbend USA","url":"https:\/\/duralbend-usa.com\/","logo":{"@type":"ImageObject","inLanguage":"es","@id":"https:\/\/duralbend-usa.com\/#\/schema\/logo\/image\/","url":"https:\/\/duralbend-usa.com\/wp-content\/uploads\/2024\/10\/cropped-Duralbend-Logo.webp","contentUrl":"https:\/\/duralbend-usa.com\/wp-content\/uploads\/2024\/10\/cropped-Duralbend-Logo.webp","width":200,"height":56,"caption":"Duralbend USA"},"image":{"@id":"https:\/\/duralbend-usa.com\/#\/schema\/logo\/image\/"},"sameAs":["https:\/\/www.facebook.com\/duralmachinery","https:\/\/mastodon.social\/@duralbendusa","https:\/\/www.youtube.com\/@TheDuralmachinery"],"description":"At Duralbend, we design and build tube bending machines that suit all industrial needs. We present solutions for the most arduous production traffic, strong engineering and an innovative design philosophy to earn the confidence of our clientele. Our main categories are tube bending machines, chamfering machines, tube endforming machines and deburring machines.","email":"info@duralbend-usa.com","telephone":"00902124824107","legalName":"Dural Makine ve Metal San. Tic. Ltd. Sti.","foundingDate":"1991-02-05","vatID":"3150093323","numberOfEmployees":{"@type":"QuantitativeValue","minValue":"11","maxValue":"50"}}]}},"_links":{"self":[{"href":"https:\/\/duralbend-usa.com\/es\/wp-json\/wp\/v2\/product\/1072","targetHints":{"allow":["GET"]}}],"collection":[{"href":"https:\/\/duralbend-usa.com\/es\/wp-json\/wp\/v2\/product"}],"about":[{"href":"https:\/\/duralbend-usa.com\/es\/wp-json\/wp\/v2\/types\/product"}],"wp:featuredmedia":[{"embeddable":true,"href":"https:\/\/duralbend-usa.com\/es\/wp-json\/wp\/v2\/media\/1073"}],"wp:attachment":[{"href":"https:\/\/duralbend-usa.com\/es\/wp-json\/wp\/v2\/media?parent=1072"}],"wp:term":[{"taxonomy":"product_cat","embeddable":true,"href":"https:\/\/duralbend-usa.com\/es\/wp-json\/wp\/v2\/product_cat?post=1072"},{"taxonomy":"product_tag","embeddable":true,"href":"https:\/\/duralbend-usa.com\/es\/wp-json\/wp\/v2\/product_tag?post=1072"}],"curies":[{"name":"wp","href":"https:\/\/api.w.org\/{rel}","templated":true}]}}