{"id":1010,"date":"2024-11-19T10:23:31","date_gmt":"2024-11-19T10:23:31","guid":{"rendered":"https:\/\/duralbend-usa.com\/?post_type=product&#038;p=1010"},"modified":"2024-11-23T17:49:59","modified_gmt":"2024-11-23T17:49:59","slug":"atlas-series-tube-bending-machines","status":"publish","type":"product","link":"https:\/\/duralbend-usa.com\/es\/producto\/atlas-series-tube-bending-machines\/","title":{"rendered":"M\u00e1quinas Curvadoras De Tubos De La Serie Gemini"},"content":{"rendered":"<h1>M\u00e1quina curvadora de tubos tipo Nc<\/h1>\n<p>En Dural Makine, producimos m\u00e1quinas curvadoras de tubos de tracci\u00f3n rotativa NC avanzadas que son innovadoras y se adaptan a diferentes tipos de industrias. Estas m\u00e1quinas tienen la capacidad y son eficientes y precisas para aplicaciones en industrias como la automotriz, muebles, accesorios para motocicletas y construcci\u00f3n. Ofrecen la mejor soluci\u00f3n en el curvado en fr\u00edo de los tubos y perfiles met\u00e1licos.<\/p>\n<p>Las m\u00e1quinas curvadoras de tubos de tipo NC tienen un sistema de control semiautom\u00e1tico dise\u00f1ado para ser f\u00e1cil de usar. El operador s\u00f3lo tiene que introducir los par\u00e1metros del proceso de curvado en el panel de control programable y guardar. El sistema permite programar hasta 1000 programas YBC diferentes.<\/p>\n<p>\u00c1reas de aplicaci\u00f3n: Las m\u00e1quinas de tipo NC encuentran aplicaciones en las industrias del autom\u00f3vil en la producci\u00f3n de piezas de escape y chasis, en la industria del mueble en la fabricaci\u00f3n de patas met\u00e1licas decorativas, y en los accesorios de motocicletas que llevan protectores contra choques.<\/p>\n<p>En Dural Makine cumplimos las normas y nos preocupamos por nuestros clientes, por eso somos \u00fanicos en el sector. Nuestras m\u00e1quinas curvadoras de tubos de tipo NC le permiten mejorar sus procesos de producci\u00f3n y aumentar el nivel de competencia.<\/p>\n<hr \/>\n<h2>Especificaciones de la m\u00e1quina curvadora de tubos<\/h2>\n<p>El servomotor de control de corriente alterna proporciona una capacidad de plegado semiautom\u00e1tica para las series NBR y NBRF.<br \/>\nCon altura de carga ergon\u00f3mica, la m\u00e1quina cumple con las instrucciones de salud y seguridad y puede evitar los problemas de ergonom\u00eda.<br \/>\nAjustes de configuraci\u00f3n del programa mejorables para optimizar los resultados de sus proyectos de plegado, ajustes de configuraci\u00f3n del programa que se pueden desarrollar.<br \/>\nCon el modo de ahorro de energ\u00eda, aumentar\u00e1 la eficiencia energ\u00e9tica y se proteger\u00e1 la naturaleza y nuestro futuro.<br \/>\nEl sistema de control Inverter, una nueva generaci\u00f3n de sistemas de plegado de precisi\u00f3n, puede ayudarle a realizar de forma \u00f3ptima su proyecto de plegado.<br \/>\nEl modo Powerbend le ayudar\u00e1 en el proceso de curvado de sus materiales de dif\u00edcil curvado.<br \/>\nInterfaz f\u00e1cil de usar y de r\u00e1pido aprendizaje que permite iniciar r\u00e1pidamente los nuevos proyectos.<br \/>\nF\u00e1cil de usar gracias a la minipantalla t\u00e1ctil HMI de 7 pulgadas.<br \/>\nPlegado r\u00e1pido y preciso con m\u00ednima fricci\u00f3n con la ayuda de la gu\u00eda lineal.<br \/>\nCapacidad de flexi\u00f3n flexible con la ayuda de la rotaci\u00f3n del cabezal de flexi\u00f3n.<br \/>\nLa precisi\u00f3n de plegado ser\u00e1 m\u00e1xima con la ayuda de la estructura no vibratoria.<br \/>\nF\u00e1cil de entender y resolver los problemas con la ayuda de mensajes de error de usuario final, que le ayudar\u00e1 a mantener su negocio en funcionamiento.<br \/>\nPlegado de calidad con rascador, mandril de bola y otros sistemas.<\/p>","protected":false},"excerpt":{"rendered":"<p>Las curvadoras de tubos \u00abAtlas\u00bb son estructuras nc. Este tipo de curvadoras de tubos incluye hidr\u00e1ulica y neum\u00e1tica para todas las operaciones de sujeci\u00f3n y empuje. Atlas tiene 3 tipos diferentes que son NB, NBR, NBRF.<\/p>\n<p>La serie NB realiza la operaci\u00f3n de plegado autom\u00e1ticamente.<\/p>\n<p>La serie NBR realiza las operaciones de plegado y rotaci\u00f3n autom\u00e1ticamente.<\/p>\n<p>La serie NBRF realiza las operaciones de plegado, rotaci\u00f3n y alimentaci\u00f3n de forma autom\u00e1tica.<\/p>\n<p><a  href=\"https:\/\/www.youtube.com\/watch?v=1Q5Cs524gx0&#038;list=PLAmOCsRr2747bkb0q5kkPmatjHNwOM1H5\" target=\"_blank\"   class=\"aux-button aux-medium aux-grey aux-3d aux-uppercase aux-icon-left\" ><span class=\"aux-overlay\"><\/span><span class=\"aux-icon fas fa-video\"><\/span><span class=\"aux-text\">V\u00eddeos<\/span><\/a><a  href=\"\/wp-content\/uploads\/2024\/11\/Dural-Product-Catalog.pdf\" target=\"_blank\"   class=\"aux-button aux-medium aux-red aux-3d aux-uppercase aux-icon-left\" ><span class=\"aux-overlay\"><\/span><span class=\"aux-icon fas fa-file-pdf\"><\/span><span class=\"aux-text\">Cat\u00e1logo<\/span><\/a><a  href=\"\/atlas-type-tube-bending-machine\/\" target=\"_blank\"   class=\"aux-button aux-medium aux-blue aux-3d aux-uppercase aux-icon-left\" ><span class=\"aux-overlay\"><\/span><span class=\"aux-icon far fa-thumbs-up\"><\/span><span class=\"aux-text\">M\u00e1s Detalles<\/span><\/a><a  href=\"\/contact-form-for-machines\/\" target=\"_blank\"   class=\"aux-button aux-medium aux-blue aux-3d aux-uppercase aux-icon-left\" ><span class=\"aux-overlay\"><\/span><span class=\"aux-icon far fa-arrow-alt-circle-right\"><\/span><span class=\"aux-text\">Solicitar Presupuesto<\/span><\/a><\/p>","protected":false},"featured_media":1026,"template":"","meta":[],"product_cat":[124,121],"product_tag":[],"class_list":{"0":"post-1010","1":"product","2":"type-product","3":"status-publish","4":"has-post-thumbnail","6":"product_cat-atlas-series-nc-tube-bending-machine","7":"product_cat-tube-bending-machines","8":"aux-has-gallery","10":"first","11":"instock","12":"shipping-taxable","13":"product-type-simple"},"yoast_head":"<!-- This site is optimized with the Yoast SEO Premium plugin v23.9 (Yoast SEO v24.0) - https:\/\/yoast.com\/wordpress\/plugins\/seo\/ -->\n<title>Atlas Series Tube Bending Machines - Duralbend USA<\/title>\n<meta name=\"description\" content=\"At Dural Makine, we produce advanced NC type tube bending machines that are innovative and suit different types of industries.\" \/>\n<meta name=\"robots\" content=\"index, follow, max-snippet:-1, max-image-preview:large, max-video-preview:-1\" \/>\n<link rel=\"canonical\" href=\"https:\/\/duralbend-usa.com\/es\/producto\/atlas-series-tube-bending-machines\/\" \/>\n<meta property=\"og:locale\" content=\"es_MX\" \/>\n<meta property=\"og:type\" content=\"article\" \/>\n<meta property=\"og:title\" content=\"Atlas Series Tube Bending Machines\" \/>\n<meta property=\"og:description\" content=\"At Dural Makine, we produce advanced NC type tube bending machines that are innovative and suit different types of industries.\" \/>\n<meta property=\"og:url\" content=\"https:\/\/duralbend-usa.com\/es\/producto\/atlas-series-tube-bending-machines\/\" \/>\n<meta property=\"og:site_name\" content=\"Duralbend USA\" \/>\n<meta property=\"article:publisher\" content=\"https:\/\/www.facebook.com\/duralmachinery\" \/>\n<meta property=\"article:modified_time\" content=\"2024-11-23T17:49:59+00:00\" \/>\n<meta property=\"og:image\" content=\"https:\/\/duralbend-usa.com\/wp-content\/uploads\/2024\/11\/Atlas-Series-Tube-Bender.webp\" \/>\n\t<meta property=\"og:image:width\" content=\"800\" \/>\n\t<meta property=\"og:image:height\" content=\"600\" \/>\n\t<meta property=\"og:image:type\" content=\"image\/webp\" \/>\n<meta name=\"twitter:card\" content=\"summary_large_image\" \/>\n<meta name=\"twitter:label1\" content=\"Tiempo de lectura\" \/>\n\t<meta name=\"twitter:data1\" content=\"2 minutos\" \/>\n<script type=\"application\/ld+json\" class=\"yoast-schema-graph\">{\"@context\":\"https:\/\/schema.org\",\"@graph\":[{\"@type\":\"WebPage\",\"@id\":\"https:\/\/duralbend-usa.com\/product\/atlas-series-tube-bending-machines\/\",\"url\":\"https:\/\/duralbend-usa.com\/product\/atlas-series-tube-bending-machines\/\",\"name\":\"Atlas Series Tube Bending Machines - Duralbend USA\",\"isPartOf\":{\"@id\":\"https:\/\/duralbend-usa.com\/#website\"},\"primaryImageOfPage\":{\"@id\":\"https:\/\/duralbend-usa.com\/product\/atlas-series-tube-bending-machines\/#primaryimage\"},\"image\":{\"@id\":\"https:\/\/duralbend-usa.com\/product\/atlas-series-tube-bending-machines\/#primaryimage\"},\"thumbnailUrl\":\"https:\/\/duralbend-usa.com\/wp-content\/uploads\/2024\/11\/Atlas-Series-Tube-Bender.webp\",\"datePublished\":\"2024-11-19T10:23:31+00:00\",\"dateModified\":\"2024-11-23T17:49:59+00:00\",\"description\":\"At Dural Makine, we produce advanced NC type tube bending machines that are innovative and suit different types of industries.\",\"breadcrumb\":{\"@id\":\"https:\/\/duralbend-usa.com\/product\/atlas-series-tube-bending-machines\/#breadcrumb\"},\"inLanguage\":\"es\",\"potentialAction\":[{\"@type\":\"ReadAction\",\"target\":[\"https:\/\/duralbend-usa.com\/product\/atlas-series-tube-bending-machines\/\"]}]},{\"@type\":\"ImageObject\",\"inLanguage\":\"es\",\"@id\":\"https:\/\/duralbend-usa.com\/product\/atlas-series-tube-bending-machines\/#primaryimage\",\"url\":\"https:\/\/duralbend-usa.com\/wp-content\/uploads\/2024\/11\/Atlas-Series-Tube-Bender.webp\",\"contentUrl\":\"https:\/\/duralbend-usa.com\/wp-content\/uploads\/2024\/11\/Atlas-Series-Tube-Bender.webp\",\"width\":800,\"height\":600,\"caption\":\"Atlas-Series-Pipe-Bender\"},{\"@type\":\"BreadcrumbList\",\"@id\":\"https:\/\/duralbend-usa.com\/product\/atlas-series-tube-bending-machines\/#breadcrumb\",\"itemListElement\":[{\"@type\":\"ListItem\",\"position\":1,\"name\":\"Home\",\"item\":\"https:\/\/duralbend-usa.com\/\"},{\"@type\":\"ListItem\",\"position\":2,\"name\":\"Products\",\"item\":\"https:\/\/duralbend-usa.com\/shop\/\"},{\"@type\":\"ListItem\",\"position\":3,\"name\":\"Atlas Series Tube Bending Machines\"}]},{\"@type\":\"WebSite\",\"@id\":\"https:\/\/duralbend-usa.com\/#website\",\"url\":\"https:\/\/duralbend-usa.com\/\",\"name\":\"Duralbend USA Tube Bending Machines\",\"description\":\"Turkey&#039;s Most Preferred Tube Bending Machine Brand\",\"publisher\":{\"@id\":\"https:\/\/duralbend-usa.com\/#organization\"},\"potentialAction\":[{\"@type\":\"SearchAction\",\"target\":{\"@type\":\"EntryPoint\",\"urlTemplate\":\"https:\/\/duralbend-usa.com\/?s={search_term_string}\"},\"query-input\":{\"@type\":\"PropertyValueSpecification\",\"valueRequired\":true,\"valueName\":\"search_term_string\"}}],\"inLanguage\":\"es\"},{\"@type\":\"Organization\",\"@id\":\"https:\/\/duralbend-usa.com\/#organization\",\"name\":\"Duralbend USA\",\"url\":\"https:\/\/duralbend-usa.com\/\",\"logo\":{\"@type\":\"ImageObject\",\"inLanguage\":\"es\",\"@id\":\"https:\/\/duralbend-usa.com\/#\/schema\/logo\/image\/\",\"url\":\"https:\/\/duralbend-usa.com\/wp-content\/uploads\/2024\/10\/cropped-Duralbend-Logo.webp\",\"contentUrl\":\"https:\/\/duralbend-usa.com\/wp-content\/uploads\/2024\/10\/cropped-Duralbend-Logo.webp\",\"width\":200,\"height\":56,\"caption\":\"Duralbend USA\"},\"image\":{\"@id\":\"https:\/\/duralbend-usa.com\/#\/schema\/logo\/image\/\"},\"sameAs\":[\"https:\/\/www.facebook.com\/duralmachinery\",\"https:\/\/mastodon.social\/@duralbendusa\",\"https:\/\/www.youtube.com\/@TheDuralmachinery\"],\"description\":\"At Duralbend, we design and build tube bending machines that suit all industrial needs. We present solutions for the most arduous production traffic, strong engineering and an innovative design philosophy to earn the confidence of our clientele. Our main categories are tube bending machines, chamfering machines, tube endforming machines and deburring machines.\",\"email\":\"info@duralbend-usa.com\",\"telephone\":\"00902124824107\",\"legalName\":\"Dural Makine ve Metal San. Tic. Ltd. Sti.\",\"foundingDate\":\"1991-02-05\",\"vatID\":\"3150093323\",\"numberOfEmployees\":{\"@type\":\"QuantitativeValue\",\"minValue\":\"11\",\"maxValue\":\"50\"}}]}<\/script>\n<!-- \/ Yoast SEO Premium plugin. -->","yoast_head_json":{"title":"Atlas Series Tube Bending Machines - Duralbend USA","description":"At Dural Makine, we produce advanced NC type tube bending machines that are innovative and suit different types of industries.","robots":{"index":"index","follow":"follow","max-snippet":"max-snippet:-1","max-image-preview":"max-image-preview:large","max-video-preview":"max-video-preview:-1"},"canonical":"https:\/\/duralbend-usa.com\/es\/producto\/atlas-series-tube-bending-machines\/","og_locale":"es_MX","og_type":"article","og_title":"Atlas Series Tube Bending Machines","og_description":"At Dural Makine, we produce advanced NC type tube bending machines that are innovative and suit different types of industries.","og_url":"https:\/\/duralbend-usa.com\/es\/producto\/atlas-series-tube-bending-machines\/","og_site_name":"Duralbend USA","article_publisher":"https:\/\/www.facebook.com\/duralmachinery","article_modified_time":"2024-11-23T17:49:59+00:00","og_image":[{"width":800,"height":600,"url":"https:\/\/duralbend-usa.com\/wp-content\/uploads\/2024\/11\/Atlas-Series-Tube-Bender.webp","type":"image\/webp"}],"twitter_card":"summary_large_image","twitter_misc":{"Tiempo de lectura":"2 minutos"},"schema":{"@context":"https:\/\/schema.org","@graph":[{"@type":"WebPage","@id":"https:\/\/duralbend-usa.com\/product\/atlas-series-tube-bending-machines\/","url":"https:\/\/duralbend-usa.com\/product\/atlas-series-tube-bending-machines\/","name":"Atlas Series Tube Bending Machines - Duralbend USA","isPartOf":{"@id":"https:\/\/duralbend-usa.com\/#website"},"primaryImageOfPage":{"@id":"https:\/\/duralbend-usa.com\/product\/atlas-series-tube-bending-machines\/#primaryimage"},"image":{"@id":"https:\/\/duralbend-usa.com\/product\/atlas-series-tube-bending-machines\/#primaryimage"},"thumbnailUrl":"https:\/\/duralbend-usa.com\/wp-content\/uploads\/2024\/11\/Atlas-Series-Tube-Bender.webp","datePublished":"2024-11-19T10:23:31+00:00","dateModified":"2024-11-23T17:49:59+00:00","description":"At Dural Makine, we produce advanced NC type tube bending machines that are innovative and suit different types of industries.","breadcrumb":{"@id":"https:\/\/duralbend-usa.com\/product\/atlas-series-tube-bending-machines\/#breadcrumb"},"inLanguage":"es","potentialAction":[{"@type":"ReadAction","target":["https:\/\/duralbend-usa.com\/product\/atlas-series-tube-bending-machines\/"]}]},{"@type":"ImageObject","inLanguage":"es","@id":"https:\/\/duralbend-usa.com\/product\/atlas-series-tube-bending-machines\/#primaryimage","url":"https:\/\/duralbend-usa.com\/wp-content\/uploads\/2024\/11\/Atlas-Series-Tube-Bender.webp","contentUrl":"https:\/\/duralbend-usa.com\/wp-content\/uploads\/2024\/11\/Atlas-Series-Tube-Bender.webp","width":800,"height":600,"caption":"Atlas-Series-Pipe-Bender"},{"@type":"BreadcrumbList","@id":"https:\/\/duralbend-usa.com\/product\/atlas-series-tube-bending-machines\/#breadcrumb","itemListElement":[{"@type":"ListItem","position":1,"name":"Home","item":"https:\/\/duralbend-usa.com\/"},{"@type":"ListItem","position":2,"name":"Products","item":"https:\/\/duralbend-usa.com\/shop\/"},{"@type":"ListItem","position":3,"name":"Atlas Series Tube Bending Machines"}]},{"@type":"WebSite","@id":"https:\/\/duralbend-usa.com\/#website","url":"https:\/\/duralbend-usa.com\/","name":"Duralbend USA Tube Bending Machines","description":"Turkey&#039;s Most Preferred Tube Bending Machine Brand","publisher":{"@id":"https:\/\/duralbend-usa.com\/#organization"},"potentialAction":[{"@type":"SearchAction","target":{"@type":"EntryPoint","urlTemplate":"https:\/\/duralbend-usa.com\/?s={search_term_string}"},"query-input":{"@type":"PropertyValueSpecification","valueRequired":true,"valueName":"search_term_string"}}],"inLanguage":"es"},{"@type":"Organization","@id":"https:\/\/duralbend-usa.com\/#organization","name":"Duralbend USA","url":"https:\/\/duralbend-usa.com\/","logo":{"@type":"ImageObject","inLanguage":"es","@id":"https:\/\/duralbend-usa.com\/#\/schema\/logo\/image\/","url":"https:\/\/duralbend-usa.com\/wp-content\/uploads\/2024\/10\/cropped-Duralbend-Logo.webp","contentUrl":"https:\/\/duralbend-usa.com\/wp-content\/uploads\/2024\/10\/cropped-Duralbend-Logo.webp","width":200,"height":56,"caption":"Duralbend USA"},"image":{"@id":"https:\/\/duralbend-usa.com\/#\/schema\/logo\/image\/"},"sameAs":["https:\/\/www.facebook.com\/duralmachinery","https:\/\/mastodon.social\/@duralbendusa","https:\/\/www.youtube.com\/@TheDuralmachinery"],"description":"At Duralbend, we design and build tube bending machines that suit all industrial needs. We present solutions for the most arduous production traffic, strong engineering and an innovative design philosophy to earn the confidence of our clientele. Our main categories are tube bending machines, chamfering machines, tube endforming machines and deburring machines.","email":"info@duralbend-usa.com","telephone":"00902124824107","legalName":"Dural Makine ve Metal San. Tic. Ltd. Sti.","foundingDate":"1991-02-05","vatID":"3150093323","numberOfEmployees":{"@type":"QuantitativeValue","minValue":"11","maxValue":"50"}}]}},"_links":{"self":[{"href":"https:\/\/duralbend-usa.com\/es\/wp-json\/wp\/v2\/product\/1010","targetHints":{"allow":["GET"]}}],"collection":[{"href":"https:\/\/duralbend-usa.com\/es\/wp-json\/wp\/v2\/product"}],"about":[{"href":"https:\/\/duralbend-usa.com\/es\/wp-json\/wp\/v2\/types\/product"}],"wp:featuredmedia":[{"embeddable":true,"href":"https:\/\/duralbend-usa.com\/es\/wp-json\/wp\/v2\/media\/1026"}],"wp:attachment":[{"href":"https:\/\/duralbend-usa.com\/es\/wp-json\/wp\/v2\/media?parent=1010"}],"wp:term":[{"taxonomy":"product_cat","embeddable":true,"href":"https:\/\/duralbend-usa.com\/es\/wp-json\/wp\/v2\/product_cat?post=1010"},{"taxonomy":"product_tag","embeddable":true,"href":"https:\/\/duralbend-usa.com\/es\/wp-json\/wp\/v2\/product_tag?post=1010"}],"curies":[{"name":"wp","href":"https:\/\/api.w.org\/{rel}","templated":true}]}}